{"id":3203,"date":"2020-09-28T16:47:10","date_gmt":"2020-09-28T14:47:10","guid":{"rendered":"http:\/\/t2.lorien.pl\/kontakt\/"},"modified":"2020-10-23T09:09:06","modified_gmt":"2020-10-23T07:09:06","slug":"contact","status":"publish","type":"page","link":"http:\/\/lorien.pl\/en\/contact\/","title":{"rendered":"Contact"},"content":{"rendered":"","protected":false},"excerpt":{"rendered":"","protected":false},"author":1,"featured_media":0,"parent":0,"menu_order":0,"comment_status":"closed","ping_status":"closed","template":"","meta":[],"yoast_head":"<!-- This site is optimized with the Yoast SEO plugin v16.8 - https:\/\/yoast.com\/wordpress\/plugins\/seo\/ -->\n<title>Contact - Lorien Group<\/title>\n<meta name=\"robots\" content=\"index, follow, max-snippet:-1, max-image-preview:large, max-video-preview:-1\" \/>\n<link rel=\"canonical\" href=\"http:\/\/lorien.pl\/en\/contact\/\" \/>\n<meta property=\"og:locale\" content=\"en_US\" \/>\n<meta property=\"og:type\" content=\"article\" \/>\n<meta property=\"og:title\" content=\"Contact - Lorien Group\" \/>\n<meta property=\"og:url\" content=\"http:\/\/lorien.pl\/en\/contact\/\" \/>\n<meta property=\"og:site_name\" content=\"Lorien Group\" \/>\n<meta property=\"article:modified_time\" content=\"2020-10-23T07:09:06+00:00\" \/>\n<meta name=\"twitter:card\" content=\"summary_large_image\" \/>\n<script type=\"application\/ld+json\" class=\"yoast-schema-graph\">{\"@context\":\"https:\/\/schema.org\",\"@graph\":[{\"@type\":\"Organization\",\"@id\":\"https:\/\/lorien.pl\/en\/#organization\",\"name\":\"Lorien\",\"url\":\"https:\/\/lorien.pl\/en\/\",\"sameAs\":[],\"logo\":{\"@type\":\"ImageObject\",\"@id\":\"https:\/\/lorien.pl\/en\/#logo\",\"inLanguage\":\"en-US\",\"url\":\"https:\/\/lorien.pl\/wp-content\/uploads\/2020\/08\/logo_lorien_wp.png\",\"contentUrl\":\"https:\/\/lorien.pl\/wp-content\/uploads\/2020\/08\/logo_lorien_wp.png\",\"width\":342,\"height\":169,\"caption\":\"Lorien\"},\"image\":{\"@id\":\"https:\/\/lorien.pl\/en\/#logo\"}},{\"@type\":\"WebSite\",\"@id\":\"https:\/\/lorien.pl\/en\/#website\",\"url\":\"https:\/\/lorien.pl\/en\/\",\"name\":\"Lorien Group\",\"description\":\"Dostarczamy rozwi\\u0105zania w zakresie przygotowywania i dystrybucji posi\\u0142k\\u00f3w, projektowania i wyposa\\u017cenia obiekt\\u00f3w gastronomii. Kompleksowo zajmujemy si\\u0119 zar\\u00f3wno wyposa\\u017ceniem nowopowstaj\\u0105cych obiekt\\u00f3w, jak r\\u00f3wnie\\u017c inwentaryzacj\\u0105 istniej\\u0105cych ju\\u017c budynk\\u00f3w pod k\\u0105tem gastronomii.\",\"publisher\":{\"@id\":\"https:\/\/lorien.pl\/en\/#organization\"},\"potentialAction\":[{\"@type\":\"SearchAction\",\"target\":{\"@type\":\"EntryPoint\",\"urlTemplate\":\"https:\/\/lorien.pl\/en\/?s={search_term_string}\"},\"query-input\":\"required name=search_term_string\"}],\"inLanguage\":\"en-US\"},{\"@type\":\"WebPage\",\"@id\":\"http:\/\/lorien.pl\/en\/contact\/#webpage\",\"url\":\"http:\/\/lorien.pl\/en\/contact\/\",\"name\":\"Contact - Lorien Group\",\"isPartOf\":{\"@id\":\"https:\/\/lorien.pl\/en\/#website\"},\"datePublished\":\"2020-09-28T14:47:10+00:00\",\"dateModified\":\"2020-10-23T07:09:06+00:00\",\"breadcrumb\":{\"@id\":\"http:\/\/lorien.pl\/en\/contact\/#breadcrumb\"},\"inLanguage\":\"en-US\",\"potentialAction\":[{\"@type\":\"ReadAction\",\"target\":[\"http:\/\/lorien.pl\/en\/contact\/\"]}]},{\"@type\":\"BreadcrumbList\",\"@id\":\"http:\/\/lorien.pl\/en\/contact\/#breadcrumb\",\"itemListElement\":[{\"@type\":\"ListItem\",\"position\":1,\"name\":\"Lorien\",\"item\":\"https:\/\/lorien.pl\/en\/\"},{\"@type\":\"ListItem\",\"position\":2,\"name\":\"Contact\"}]}]}<\/script>\n<!-- \/ Yoast SEO plugin. -->","yoast_head_json":{"title":"Contact - Lorien Group","robots":{"index":"index","follow":"follow","max-snippet":"max-snippet:-1","max-image-preview":"max-image-preview:large","max-video-preview":"max-video-preview:-1"},"canonical":"http:\/\/lorien.pl\/en\/contact\/","og_locale":"en_US","og_type":"article","og_title":"Contact - Lorien Group","og_url":"http:\/\/lorien.pl\/en\/contact\/","og_site_name":"Lorien Group","article_modified_time":"2020-10-23T07:09:06+00:00","twitter_card":"summary_large_image","schema":{"@context":"https:\/\/schema.org","@graph":[{"@type":"Organization","@id":"https:\/\/lorien.pl\/en\/#organization","name":"Lorien","url":"https:\/\/lorien.pl\/en\/","sameAs":[],"logo":{"@type":"ImageObject","@id":"https:\/\/lorien.pl\/en\/#logo","inLanguage":"en-US","url":"https:\/\/lorien.pl\/wp-content\/uploads\/2020\/08\/logo_lorien_wp.png","contentUrl":"https:\/\/lorien.pl\/wp-content\/uploads\/2020\/08\/logo_lorien_wp.png","width":342,"height":169,"caption":"Lorien"},"image":{"@id":"https:\/\/lorien.pl\/en\/#logo"}},{"@type":"WebSite","@id":"https:\/\/lorien.pl\/en\/#website","url":"https:\/\/lorien.pl\/en\/","name":"Lorien Group","description":"Dostarczamy rozwi\u0105zania w zakresie przygotowywania i dystrybucji posi\u0142k\u00f3w, projektowania i wyposa\u017cenia obiekt\u00f3w gastronomii. Kompleksowo zajmujemy si\u0119 zar\u00f3wno wyposa\u017ceniem nowopowstaj\u0105cych obiekt\u00f3w, jak r\u00f3wnie\u017c inwentaryzacj\u0105 istniej\u0105cych ju\u017c budynk\u00f3w pod k\u0105tem gastronomii.","publisher":{"@id":"https:\/\/lorien.pl\/en\/#organization"},"potentialAction":[{"@type":"SearchAction","target":{"@type":"EntryPoint","urlTemplate":"https:\/\/lorien.pl\/en\/?s={search_term_string}"},"query-input":"required name=search_term_string"}],"inLanguage":"en-US"},{"@type":"WebPage","@id":"http:\/\/lorien.pl\/en\/contact\/#webpage","url":"http:\/\/lorien.pl\/en\/contact\/","name":"Contact - Lorien Group","isPartOf":{"@id":"https:\/\/lorien.pl\/en\/#website"},"datePublished":"2020-09-28T14:47:10+00:00","dateModified":"2020-10-23T07:09:06+00:00","breadcrumb":{"@id":"http:\/\/lorien.pl\/en\/contact\/#breadcrumb"},"inLanguage":"en-US","potentialAction":[{"@type":"ReadAction","target":["http:\/\/lorien.pl\/en\/contact\/"]}]},{"@type":"BreadcrumbList","@id":"http:\/\/lorien.pl\/en\/contact\/#breadcrumb","itemListElement":[{"@type":"ListItem","position":1,"name":"Lorien","item":"https:\/\/lorien.pl\/en\/"},{"@type":"ListItem","position":2,"name":"Contact"}]}]}},"_links":{"self":[{"href":"http:\/\/lorien.pl\/en\/wp-json\/wp\/v2\/pages\/3203\/"}],"collection":[{"href":"http:\/\/lorien.pl\/en\/wp-json\/wp\/v2\/pages\/"}],"about":[{"href":"http:\/\/lorien.pl\/en\/wp-json\/wp\/v2\/types\/page\/"}],"author":[{"embeddable":true,"href":"http:\/\/lorien.pl\/en\/wp-json\/wp\/v2\/users\/1\/"}],"replies":[{"embeddable":true,"href":"http:\/\/lorien.pl\/en\/wp-json\/wp\/v2\/comments\/?post=3203"}],"version-history":[{"count":1,"href":"http:\/\/lorien.pl\/en\/wp-json\/wp\/v2\/pages\/3203\/revisions\/"}],"predecessor-version":[{"id":3205,"href":"http:\/\/lorien.pl\/en\/wp-json\/wp\/v2\/pages\/3203\/revisions\/3205\/"}],"wp:attachment":[{"href":"http:\/\/lorien.pl\/en\/wp-json\/wp\/v2\/media\/?parent=3203"}],"curies":[{"name":"wp","href":"https:\/\/api.w.org\/{rel}","templated":true}]}}