{"id":3287,"date":"2020-09-26T14:45:00","date_gmt":"2020-09-26T12:45:00","guid":{"rendered":"http:\/\/t2.lorien.pl\/areas-of-activity\/serwis\/"},"modified":"2020-12-21T15:47:05","modified_gmt":"2020-12-21T14:47:05","slug":"service","status":"publish","type":"page","link":"http:\/\/lorien.pl\/en\/areas-of-activity\/service\/","title":{"rendered":"Service"},"content":{"rendered":"","protected":false},"excerpt":{"rendered":"<p>We have a network of service people in the whole country and we manage them centrally. It means that you will deal only with one coordinator who will take care of your claim from the beginning to the end. <\/p>\n","protected":false},"author":1,"featured_media":4151,"parent":3188,"menu_order":0,"comment_status":"closed","ping_status":"closed","template":"","meta":[],"yoast_head":"<!-- This site is optimized with the Yoast SEO plugin v16.8 - https:\/\/yoast.com\/wordpress\/plugins\/seo\/ -->\n<title>Service - Lorien Group<\/title>\n<meta name=\"robots\" content=\"index, follow, max-snippet:-1, max-image-preview:large, max-video-preview:-1\" \/>\n<link rel=\"canonical\" href=\"https:\/\/lorien.pl\/en\/areas-of-activity\/service\/\" \/>\n<meta property=\"og:locale\" content=\"en_US\" \/>\n<meta property=\"og:type\" content=\"article\" \/>\n<meta property=\"og:title\" content=\"Service - Lorien Group\" \/>\n<meta property=\"og:description\" content=\"We have a network of service people in the whole country and we manage them centrally. It means that you will deal only with one coordinator who will take care of your claim from the beginning to the end.\" \/>\n<meta property=\"og:url\" content=\"https:\/\/lorien.pl\/en\/areas-of-activity\/service\/\" \/>\n<meta property=\"og:site_name\" content=\"Lorien Group\" \/>\n<meta property=\"article:modified_time\" content=\"2020-12-21T14:47:05+00:00\" \/>\n<meta property=\"og:image\" content=\"http:\/\/lorien.pl\/wp-content\/uploads\/2020\/09\/icon-service.png\" \/>\n\t<meta property=\"og:image:width\" content=\"180\" \/>\n\t<meta property=\"og:image:height\" content=\"180\" \/>\n<meta name=\"twitter:card\" content=\"summary_large_image\" \/>\n<script type=\"application\/ld+json\" class=\"yoast-schema-graph\">{\"@context\":\"https:\/\/schema.org\",\"@graph\":[{\"@type\":\"Organization\",\"@id\":\"http:\/\/lorien.pl\/#organization\",\"name\":\"Lorien\",\"url\":\"http:\/\/lorien.pl\/\",\"sameAs\":[],\"logo\":{\"@type\":\"ImageObject\",\"@id\":\"http:\/\/lorien.pl\/#logo\",\"inLanguage\":\"en-US\",\"url\":\"https:\/\/lorien.pl\/wp-content\/uploads\/2020\/08\/logo_lorien_wp.png\",\"contentUrl\":\"https:\/\/lorien.pl\/wp-content\/uploads\/2020\/08\/logo_lorien_wp.png\",\"width\":342,\"height\":169,\"caption\":\"Lorien\"},\"image\":{\"@id\":\"http:\/\/lorien.pl\/#logo\"}},{\"@type\":\"WebSite\",\"@id\":\"http:\/\/lorien.pl\/#website\",\"url\":\"http:\/\/lorien.pl\/\",\"name\":\"Lorien Group\",\"description\":\"Dostarczamy rozwi\\u0105zania w zakresie przygotowywania i dystrybucji posi\\u0142k\\u00f3w, projektowania i wyposa\\u017cenia obiekt\\u00f3w gastronomii. Kompleksowo zajmujemy si\\u0119 zar\\u00f3wno wyposa\\u017ceniem nowopowstaj\\u0105cych obiekt\\u00f3w, jak r\\u00f3wnie\\u017c inwentaryzacj\\u0105 istniej\\u0105cych ju\\u017c budynk\\u00f3w pod k\\u0105tem gastronomii.\",\"publisher\":{\"@id\":\"http:\/\/lorien.pl\/#organization\"},\"potentialAction\":[{\"@type\":\"SearchAction\",\"target\":{\"@type\":\"EntryPoint\",\"urlTemplate\":\"http:\/\/lorien.pl\/?s={search_term_string}\"},\"query-input\":\"required name=search_term_string\"}],\"inLanguage\":\"en-US\"},{\"@type\":\"ImageObject\",\"@id\":\"https:\/\/lorien.pl\/en\/areas-of-activity\/service\/#primaryimage\",\"inLanguage\":\"en-US\",\"url\":\"http:\/\/lorien.pl\/wp-content\/uploads\/2020\/12\/ikona_3.png\",\"contentUrl\":\"http:\/\/lorien.pl\/wp-content\/uploads\/2020\/12\/ikona_3.png\",\"width\":180,\"height\":180},{\"@type\":\"WebPage\",\"@id\":\"https:\/\/lorien.pl\/en\/areas-of-activity\/service\/#webpage\",\"url\":\"https:\/\/lorien.pl\/en\/areas-of-activity\/service\/\",\"name\":\"Service - Lorien Group\",\"isPartOf\":{\"@id\":\"http:\/\/lorien.pl\/#website\"},\"primaryImageOfPage\":{\"@id\":\"https:\/\/lorien.pl\/en\/areas-of-activity\/service\/#primaryimage\"},\"datePublished\":\"2020-09-26T12:45:00+00:00\",\"dateModified\":\"2020-12-21T14:47:05+00:00\",\"breadcrumb\":{\"@id\":\"https:\/\/lorien.pl\/en\/areas-of-activity\/service\/#breadcrumb\"},\"inLanguage\":\"en-US\",\"potentialAction\":[{\"@type\":\"ReadAction\",\"target\":[\"https:\/\/lorien.pl\/en\/areas-of-activity\/service\/\"]}]},{\"@type\":\"BreadcrumbList\",\"@id\":\"https:\/\/lorien.pl\/en\/areas-of-activity\/service\/#breadcrumb\",\"itemListElement\":[{\"@type\":\"ListItem\",\"position\":1,\"name\":\"Lorien\",\"item\":\"https:\/\/lorien.pl\/en\/\"},{\"@type\":\"ListItem\",\"position\":2,\"name\":\"Areas of activity\",\"item\":\"https:\/\/lorien.pl\/en\/areas-of-activity\/\"},{\"@type\":\"ListItem\",\"position\":3,\"name\":\"Service\"}]}]}<\/script>\n<!-- \/ Yoast SEO plugin. -->","yoast_head_json":{"title":"Service - Lorien Group","robots":{"index":"index","follow":"follow","max-snippet":"max-snippet:-1","max-image-preview":"max-image-preview:large","max-video-preview":"max-video-preview:-1"},"canonical":"https:\/\/lorien.pl\/en\/areas-of-activity\/service\/","og_locale":"en_US","og_type":"article","og_title":"Service - Lorien Group","og_description":"We have a network of service people in the whole country and we manage them centrally. It means that you will deal only with one coordinator who will take care of your claim from the beginning to the end.","og_url":"https:\/\/lorien.pl\/en\/areas-of-activity\/service\/","og_site_name":"Lorien Group","article_modified_time":"2020-12-21T14:47:05+00:00","og_image":[{"width":180,"height":180,"url":"http:\/\/lorien.pl\/wp-content\/uploads\/2020\/09\/icon-service.png","path":"\/home\/lorien\/public_html\/wp-content\/uploads\/2020\/09\/icon-service.png","size":"full","id":2555,"alt":"","pixels":32400,"type":"image\/png"}],"twitter_card":"summary_large_image","schema":{"@context":"https:\/\/schema.org","@graph":[{"@type":"Organization","@id":"http:\/\/lorien.pl\/#organization","name":"Lorien","url":"http:\/\/lorien.pl\/","sameAs":[],"logo":{"@type":"ImageObject","@id":"http:\/\/lorien.pl\/#logo","inLanguage":"en-US","url":"https:\/\/lorien.pl\/wp-content\/uploads\/2020\/08\/logo_lorien_wp.png","contentUrl":"https:\/\/lorien.pl\/wp-content\/uploads\/2020\/08\/logo_lorien_wp.png","width":342,"height":169,"caption":"Lorien"},"image":{"@id":"http:\/\/lorien.pl\/#logo"}},{"@type":"WebSite","@id":"http:\/\/lorien.pl\/#website","url":"http:\/\/lorien.pl\/","name":"Lorien Group","description":"Dostarczamy rozwi\u0105zania w zakresie przygotowywania i dystrybucji posi\u0142k\u00f3w, projektowania i wyposa\u017cenia obiekt\u00f3w gastronomii. Kompleksowo zajmujemy si\u0119 zar\u00f3wno wyposa\u017ceniem nowopowstaj\u0105cych obiekt\u00f3w, jak r\u00f3wnie\u017c inwentaryzacj\u0105 istniej\u0105cych ju\u017c budynk\u00f3w pod k\u0105tem gastronomii.","publisher":{"@id":"http:\/\/lorien.pl\/#organization"},"potentialAction":[{"@type":"SearchAction","target":{"@type":"EntryPoint","urlTemplate":"http:\/\/lorien.pl\/?s={search_term_string}"},"query-input":"required name=search_term_string"}],"inLanguage":"en-US"},{"@type":"ImageObject","@id":"https:\/\/lorien.pl\/en\/areas-of-activity\/service\/#primaryimage","inLanguage":"en-US","url":"http:\/\/lorien.pl\/wp-content\/uploads\/2020\/12\/ikona_3.png","contentUrl":"http:\/\/lorien.pl\/wp-content\/uploads\/2020\/12\/ikona_3.png","width":180,"height":180},{"@type":"WebPage","@id":"https:\/\/lorien.pl\/en\/areas-of-activity\/service\/#webpage","url":"https:\/\/lorien.pl\/en\/areas-of-activity\/service\/","name":"Service - Lorien Group","isPartOf":{"@id":"http:\/\/lorien.pl\/#website"},"primaryImageOfPage":{"@id":"https:\/\/lorien.pl\/en\/areas-of-activity\/service\/#primaryimage"},"datePublished":"2020-09-26T12:45:00+00:00","dateModified":"2020-12-21T14:47:05+00:00","breadcrumb":{"@id":"https:\/\/lorien.pl\/en\/areas-of-activity\/service\/#breadcrumb"},"inLanguage":"en-US","potentialAction":[{"@type":"ReadAction","target":["https:\/\/lorien.pl\/en\/areas-of-activity\/service\/"]}]},{"@type":"BreadcrumbList","@id":"https:\/\/lorien.pl\/en\/areas-of-activity\/service\/#breadcrumb","itemListElement":[{"@type":"ListItem","position":1,"name":"Lorien","item":"https:\/\/lorien.pl\/en\/"},{"@type":"ListItem","position":2,"name":"Areas of activity","item":"https:\/\/lorien.pl\/en\/areas-of-activity\/"},{"@type":"ListItem","position":3,"name":"Service"}]}]}},"_links":{"self":[{"href":"http:\/\/lorien.pl\/en\/wp-json\/wp\/v2\/pages\/3287\/"}],"collection":[{"href":"http:\/\/lorien.pl\/en\/wp-json\/wp\/v2\/pages\/"}],"about":[{"href":"http:\/\/lorien.pl\/en\/wp-json\/wp\/v2\/types\/page\/"}],"author":[{"embeddable":true,"href":"http:\/\/lorien.pl\/en\/wp-json\/wp\/v2\/users\/1\/"}],"replies":[{"embeddable":true,"href":"http:\/\/lorien.pl\/en\/wp-json\/wp\/v2\/comments\/?post=3287"}],"version-history":[{"count":1,"href":"http:\/\/lorien.pl\/en\/wp-json\/wp\/v2\/pages\/3287\/revisions\/"}],"predecessor-version":[{"id":3288,"href":"http:\/\/lorien.pl\/en\/wp-json\/wp\/v2\/pages\/3287\/revisions\/3288\/"}],"up":[{"embeddable":true,"href":"http:\/\/lorien.pl\/en\/wp-json\/wp\/v2\/pages\/3188\/"}],"wp:featuredmedia":[{"embeddable":true,"href":"http:\/\/lorien.pl\/en\/wp-json\/wp\/v2\/media\/4151\/"}],"wp:attachment":[{"href":"http:\/\/lorien.pl\/en\/wp-json\/wp\/v2\/media\/?parent=3287"}],"curies":[{"name":"wp","href":"https:\/\/api.w.org\/{rel}","templated":true}]}}