{"id":3295,"date":"2020-09-30T19:37:34","date_gmt":"2020-09-30T17:37:34","guid":{"rendered":"http:\/\/t2.lorien.pl\/our-products\/bary\/"},"modified":"2020-11-18T22:46:44","modified_gmt":"2020-11-18T21:46:44","slug":"bars","status":"publish","type":"page","link":"http:\/\/lorien.pl\/en\/our-products\/bars\/","title":{"rendered":"Bars"},"content":{"rendered":"","protected":false},"excerpt":{"rendered":"<p>Bar is a unique place, where you begin to build your relationship with the customer. A direct contact with the bartender, who will make an ideal smoothie, an aromatic coffee or an exotic drink in his well-designed and well-equipped bar is invaluable.<\/p>\n","protected":false},"author":1,"featured_media":2756,"parent":3181,"menu_order":0,"comment_status":"closed","ping_status":"closed","template":"","meta":[],"yoast_head":"<!-- This site is optimized with the Yoast SEO plugin v16.8 - https:\/\/yoast.com\/wordpress\/plugins\/seo\/ -->\n<title>Bars - Lorien Group<\/title>\n<meta name=\"robots\" content=\"index, follow, max-snippet:-1, max-image-preview:large, max-video-preview:-1\" \/>\n<link rel=\"canonical\" href=\"http:\/\/lorien.pl\/en\/our-products\/bars\/\" \/>\n<meta property=\"og:locale\" content=\"en_US\" \/>\n<meta property=\"og:type\" content=\"article\" \/>\n<meta property=\"og:title\" content=\"Bars - Lorien Group\" \/>\n<meta property=\"og:description\" content=\"Bar is a unique place, where you begin to build your relationship with the customer. A direct contact with the bartender, who will make an ideal smoothie, an aromatic coffee or an exotic drink in his well-designed and well-equipped bar is invaluable.\" \/>\n<meta property=\"og:url\" content=\"http:\/\/lorien.pl\/en\/our-products\/bars\/\" \/>\n<meta property=\"og:site_name\" content=\"Lorien Group\" \/>\n<meta property=\"article:modified_time\" content=\"2020-11-18T21:46:44+00:00\" \/>\n<meta property=\"og:image\" content=\"http:\/\/lorien.pl\/wp-content\/uploads\/2020\/09\/bar-1024x800-1.jpg\" \/>\n\t<meta property=\"og:image:width\" content=\"1024\" \/>\n\t<meta property=\"og:image:height\" content=\"800\" \/>\n<meta name=\"twitter:card\" content=\"summary_large_image\" \/>\n<script type=\"application\/ld+json\" class=\"yoast-schema-graph\">{\"@context\":\"https:\/\/schema.org\",\"@graph\":[{\"@type\":\"Organization\",\"@id\":\"https:\/\/lorien.pl\/#organization\",\"name\":\"Lorien\",\"url\":\"https:\/\/lorien.pl\/\",\"sameAs\":[],\"logo\":{\"@type\":\"ImageObject\",\"@id\":\"https:\/\/lorien.pl\/#logo\",\"inLanguage\":\"en-US\",\"url\":\"https:\/\/lorien.pl\/wp-content\/uploads\/2020\/08\/logo_lorien_wp.png\",\"contentUrl\":\"https:\/\/lorien.pl\/wp-content\/uploads\/2020\/08\/logo_lorien_wp.png\",\"width\":342,\"height\":169,\"caption\":\"Lorien\"},\"image\":{\"@id\":\"https:\/\/lorien.pl\/#logo\"}},{\"@type\":\"WebSite\",\"@id\":\"https:\/\/lorien.pl\/#website\",\"url\":\"https:\/\/lorien.pl\/\",\"name\":\"Lorien Group\",\"description\":\"Dostarczamy rozwi\\u0105zania w zakresie przygotowywania i dystrybucji posi\\u0142k\\u00f3w, projektowania i wyposa\\u017cenia obiekt\\u00f3w gastronomii. Kompleksowo zajmujemy si\\u0119 zar\\u00f3wno wyposa\\u017ceniem nowopowstaj\\u0105cych obiekt\\u00f3w, jak r\\u00f3wnie\\u017c inwentaryzacj\\u0105 istniej\\u0105cych ju\\u017c budynk\\u00f3w pod k\\u0105tem gastronomii.\",\"publisher\":{\"@id\":\"https:\/\/lorien.pl\/#organization\"},\"potentialAction\":[{\"@type\":\"SearchAction\",\"target\":{\"@type\":\"EntryPoint\",\"urlTemplate\":\"https:\/\/lorien.pl\/?s={search_term_string}\"},\"query-input\":\"required name=search_term_string\"}],\"inLanguage\":\"en-US\"},{\"@type\":\"ImageObject\",\"@id\":\"http:\/\/lorien.pl\/en\/our-products\/bars\/#primaryimage\",\"inLanguage\":\"en-US\",\"url\":\"http:\/\/lorien.pl\/wp-content\/uploads\/2020\/09\/bar-1024x800-1.jpg\",\"contentUrl\":\"http:\/\/lorien.pl\/wp-content\/uploads\/2020\/09\/bar-1024x800-1.jpg\",\"width\":1024,\"height\":800},{\"@type\":\"WebPage\",\"@id\":\"http:\/\/lorien.pl\/en\/our-products\/bars\/#webpage\",\"url\":\"http:\/\/lorien.pl\/en\/our-products\/bars\/\",\"name\":\"Bars - Lorien Group\",\"isPartOf\":{\"@id\":\"https:\/\/lorien.pl\/#website\"},\"primaryImageOfPage\":{\"@id\":\"http:\/\/lorien.pl\/en\/our-products\/bars\/#primaryimage\"},\"datePublished\":\"2020-09-30T17:37:34+00:00\",\"dateModified\":\"2020-11-18T21:46:44+00:00\",\"breadcrumb\":{\"@id\":\"http:\/\/lorien.pl\/en\/our-products\/bars\/#breadcrumb\"},\"inLanguage\":\"en-US\",\"potentialAction\":[{\"@type\":\"ReadAction\",\"target\":[\"http:\/\/lorien.pl\/en\/our-products\/bars\/\"]}]},{\"@type\":\"BreadcrumbList\",\"@id\":\"http:\/\/lorien.pl\/en\/our-products\/bars\/#breadcrumb\",\"itemListElement\":[{\"@type\":\"ListItem\",\"position\":1,\"name\":\"Lorien\",\"item\":\"http:\/\/lorien.pl\/en\/\"},{\"@type\":\"ListItem\",\"position\":2,\"name\":\"Our Products\",\"item\":\"http:\/\/lorien.pl\/en\/our-products\/\"},{\"@type\":\"ListItem\",\"position\":3,\"name\":\"Bars\"}]}]}<\/script>\n<!-- \/ Yoast SEO plugin. -->","yoast_head_json":{"title":"Bars - Lorien Group","robots":{"index":"index","follow":"follow","max-snippet":"max-snippet:-1","max-image-preview":"max-image-preview:large","max-video-preview":"max-video-preview:-1"},"canonical":"http:\/\/lorien.pl\/en\/our-products\/bars\/","og_locale":"en_US","og_type":"article","og_title":"Bars - Lorien Group","og_description":"Bar is a unique place, where you begin to build your relationship with the customer. A direct contact with the bartender, who will make an ideal smoothie, an aromatic coffee or an exotic drink in his well-designed and well-equipped bar is invaluable.","og_url":"http:\/\/lorien.pl\/en\/our-products\/bars\/","og_site_name":"Lorien Group","article_modified_time":"2020-11-18T21:46:44+00:00","og_image":[{"width":1024,"height":800,"url":"http:\/\/lorien.pl\/wp-content\/uploads\/2020\/09\/bar-1024x800-1.jpg","path":"\/home\/lorien\/public_html\/wp-content\/uploads\/2020\/09\/bar-1024x800-1.jpg","size":"full","id":2756,"alt":"","pixels":819200,"type":"image\/jpeg"}],"twitter_card":"summary_large_image","schema":{"@context":"https:\/\/schema.org","@graph":[{"@type":"Organization","@id":"https:\/\/lorien.pl\/#organization","name":"Lorien","url":"https:\/\/lorien.pl\/","sameAs":[],"logo":{"@type":"ImageObject","@id":"https:\/\/lorien.pl\/#logo","inLanguage":"en-US","url":"https:\/\/lorien.pl\/wp-content\/uploads\/2020\/08\/logo_lorien_wp.png","contentUrl":"https:\/\/lorien.pl\/wp-content\/uploads\/2020\/08\/logo_lorien_wp.png","width":342,"height":169,"caption":"Lorien"},"image":{"@id":"https:\/\/lorien.pl\/#logo"}},{"@type":"WebSite","@id":"https:\/\/lorien.pl\/#website","url":"https:\/\/lorien.pl\/","name":"Lorien Group","description":"Dostarczamy rozwi\u0105zania w zakresie przygotowywania i dystrybucji posi\u0142k\u00f3w, projektowania i wyposa\u017cenia obiekt\u00f3w gastronomii. Kompleksowo zajmujemy si\u0119 zar\u00f3wno wyposa\u017ceniem nowopowstaj\u0105cych obiekt\u00f3w, jak r\u00f3wnie\u017c inwentaryzacj\u0105 istniej\u0105cych ju\u017c budynk\u00f3w pod k\u0105tem gastronomii.","publisher":{"@id":"https:\/\/lorien.pl\/#organization"},"potentialAction":[{"@type":"SearchAction","target":{"@type":"EntryPoint","urlTemplate":"https:\/\/lorien.pl\/?s={search_term_string}"},"query-input":"required name=search_term_string"}],"inLanguage":"en-US"},{"@type":"ImageObject","@id":"http:\/\/lorien.pl\/en\/our-products\/bars\/#primaryimage","inLanguage":"en-US","url":"http:\/\/lorien.pl\/wp-content\/uploads\/2020\/09\/bar-1024x800-1.jpg","contentUrl":"http:\/\/lorien.pl\/wp-content\/uploads\/2020\/09\/bar-1024x800-1.jpg","width":1024,"height":800},{"@type":"WebPage","@id":"http:\/\/lorien.pl\/en\/our-products\/bars\/#webpage","url":"http:\/\/lorien.pl\/en\/our-products\/bars\/","name":"Bars - Lorien Group","isPartOf":{"@id":"https:\/\/lorien.pl\/#website"},"primaryImageOfPage":{"@id":"http:\/\/lorien.pl\/en\/our-products\/bars\/#primaryimage"},"datePublished":"2020-09-30T17:37:34+00:00","dateModified":"2020-11-18T21:46:44+00:00","breadcrumb":{"@id":"http:\/\/lorien.pl\/en\/our-products\/bars\/#breadcrumb"},"inLanguage":"en-US","potentialAction":[{"@type":"ReadAction","target":["http:\/\/lorien.pl\/en\/our-products\/bars\/"]}]},{"@type":"BreadcrumbList","@id":"http:\/\/lorien.pl\/en\/our-products\/bars\/#breadcrumb","itemListElement":[{"@type":"ListItem","position":1,"name":"Lorien","item":"http:\/\/lorien.pl\/en\/"},{"@type":"ListItem","position":2,"name":"Our Products","item":"http:\/\/lorien.pl\/en\/our-products\/"},{"@type":"ListItem","position":3,"name":"Bars"}]}]}},"_links":{"self":[{"href":"http:\/\/lorien.pl\/en\/wp-json\/wp\/v2\/pages\/3295\/"}],"collection":[{"href":"http:\/\/lorien.pl\/en\/wp-json\/wp\/v2\/pages\/"}],"about":[{"href":"http:\/\/lorien.pl\/en\/wp-json\/wp\/v2\/types\/page\/"}],"author":[{"embeddable":true,"href":"http:\/\/lorien.pl\/en\/wp-json\/wp\/v2\/users\/1\/"}],"replies":[{"embeddable":true,"href":"http:\/\/lorien.pl\/en\/wp-json\/wp\/v2\/comments\/?post=3295"}],"version-history":[{"count":1,"href":"http:\/\/lorien.pl\/en\/wp-json\/wp\/v2\/pages\/3295\/revisions\/"}],"predecessor-version":[{"id":3297,"href":"http:\/\/lorien.pl\/en\/wp-json\/wp\/v2\/pages\/3295\/revisions\/3297\/"}],"up":[{"embeddable":true,"href":"http:\/\/lorien.pl\/en\/wp-json\/wp\/v2\/pages\/3181\/"}],"wp:featuredmedia":[{"embeddable":true,"href":"http:\/\/lorien.pl\/en\/wp-json\/wp\/v2\/media\/2756\/"}],"wp:attachment":[{"href":"http:\/\/lorien.pl\/en\/wp-json\/wp\/v2\/media\/?parent=3295"}],"curies":[{"name":"wp","href":"https:\/\/api.w.org\/{rel}","templated":true}]}}