{"id":3337,"date":"2020-10-06T15:07:31","date_gmt":"2020-10-06T13:07:31","guid":{"rendered":"http:\/\/t2.lorien.pl\/projects\/projekt-specjalny\/"},"modified":"2020-11-19T09:39:56","modified_gmt":"2020-11-19T08:39:56","slug":"special-projects","status":"publish","type":"page","link":"http:\/\/lorien.pl\/en\/projects\/special-projects\/","title":{"rendered":"Special Project"},"content":{"rendered":"<p>[vc_row][vc_column][vc_masonry_grid post_type=&#8221;post&#8221; max_items=&#8221;&#8221; style=&#8221;load-more&#8221; items_per_page=&#8221;6&#8243; gap=&#8221;10&#8243; btn_title=&#8221;load more&#8221; btn_shape=&#8221;square&#8221; btn_color=&#8221;grey&#8221; grid_id=&#8221;vc_gid:1605348324077-d0720918-8a8c-8&#8243; taxonomies=&#8221;12&#8243;][\/vc_column][\/vc_row]<\/p>\n","protected":false},"excerpt":{"rendered":"<p>[vc_row][vc_column][vc_masonry_grid post_type=&#8221;post&#8221; max_items=&#8221;&#8221; style=&#8221;load-more&#8221; items_per_page=&#8221;6&#8243; gap=&#8221;10&#8243; btn_title=&#8221;load more&#8221; btn_shape=&#8221;square&#8221; btn_color=&#8221;grey&#8221; grid_id=&#8221;vc_gid:1605348324077-d0720918-8a8c-8&#8243; taxonomies=&#8221;12&#8243;][\/vc_column][\/vc_row]<\/p>\n","protected":false},"author":1,"featured_media":0,"parent":3652,"menu_order":0,"comment_status":"closed","ping_status":"closed","template":"","meta":[],"yoast_head":"<!-- This site is optimized with the Yoast SEO plugin v16.8 - https:\/\/yoast.com\/wordpress\/plugins\/seo\/ -->\n<title>Special Project - Lorien Group<\/title>\n<meta name=\"robots\" content=\"index, follow, max-snippet:-1, max-image-preview:large, max-video-preview:-1\" \/>\n<link rel=\"canonical\" href=\"https:\/\/lorien.pl\/en\/projects\/special-projects\/\" \/>\n<meta property=\"og:locale\" content=\"en_US\" \/>\n<meta property=\"og:type\" content=\"article\" \/>\n<meta property=\"og:title\" content=\"Special Project - Lorien Group\" \/>\n<meta property=\"og:description\" content=\"[vc_row][vc_column][vc_masonry_grid post_type=&#8221;post&#8221; max_items=&#8221;&#8221; style=&#8221;load-more&#8221; items_per_page=&#8221;6&#8243; gap=&#8221;10&#8243; btn_title=&#8221;load more&#8221; btn_shape=&#8221;square&#8221; btn_color=&#8221;grey&#8221; grid_id=&#8221;vc_gid:1605348324077-d0720918-8a8c-8&#8243; taxonomies=&#8221;12&#8243;][\/vc_column][\/vc_row]\" \/>\n<meta property=\"og:url\" content=\"https:\/\/lorien.pl\/en\/projects\/special-projects\/\" \/>\n<meta property=\"og:site_name\" content=\"Lorien Group\" \/>\n<meta property=\"article:modified_time\" content=\"2020-11-19T08:39:56+00:00\" \/>\n<meta name=\"twitter:card\" content=\"summary_large_image\" \/>\n<script type=\"application\/ld+json\" class=\"yoast-schema-graph\">{\"@context\":\"https:\/\/schema.org\",\"@graph\":[{\"@type\":\"Organization\",\"@id\":\"http:\/\/lorien.pl\/#organization\",\"name\":\"Lorien\",\"url\":\"http:\/\/lorien.pl\/\",\"sameAs\":[],\"logo\":{\"@type\":\"ImageObject\",\"@id\":\"http:\/\/lorien.pl\/#logo\",\"inLanguage\":\"en-US\",\"url\":\"https:\/\/lorien.pl\/wp-content\/uploads\/2020\/08\/logo_lorien_wp.png\",\"contentUrl\":\"https:\/\/lorien.pl\/wp-content\/uploads\/2020\/08\/logo_lorien_wp.png\",\"width\":342,\"height\":169,\"caption\":\"Lorien\"},\"image\":{\"@id\":\"http:\/\/lorien.pl\/#logo\"}},{\"@type\":\"WebSite\",\"@id\":\"http:\/\/lorien.pl\/#website\",\"url\":\"http:\/\/lorien.pl\/\",\"name\":\"Lorien Group\",\"description\":\"Dostarczamy rozwi\\u0105zania w zakresie przygotowywania i dystrybucji posi\\u0142k\\u00f3w, projektowania i wyposa\\u017cenia obiekt\\u00f3w gastronomii. Kompleksowo zajmujemy si\\u0119 zar\\u00f3wno wyposa\\u017ceniem nowopowstaj\\u0105cych obiekt\\u00f3w, jak r\\u00f3wnie\\u017c inwentaryzacj\\u0105 istniej\\u0105cych ju\\u017c budynk\\u00f3w pod k\\u0105tem gastronomii.\",\"publisher\":{\"@id\":\"http:\/\/lorien.pl\/#organization\"},\"potentialAction\":[{\"@type\":\"SearchAction\",\"target\":{\"@type\":\"EntryPoint\",\"urlTemplate\":\"http:\/\/lorien.pl\/?s={search_term_string}\"},\"query-input\":\"required name=search_term_string\"}],\"inLanguage\":\"en-US\"},{\"@type\":\"WebPage\",\"@id\":\"https:\/\/lorien.pl\/en\/projects\/special-projects\/#webpage\",\"url\":\"https:\/\/lorien.pl\/en\/projects\/special-projects\/\",\"name\":\"Special Project - Lorien Group\",\"isPartOf\":{\"@id\":\"http:\/\/lorien.pl\/#website\"},\"datePublished\":\"2020-10-06T13:07:31+00:00\",\"dateModified\":\"2020-11-19T08:39:56+00:00\",\"breadcrumb\":{\"@id\":\"https:\/\/lorien.pl\/en\/projects\/special-projects\/#breadcrumb\"},\"inLanguage\":\"en-US\",\"potentialAction\":[{\"@type\":\"ReadAction\",\"target\":[\"https:\/\/lorien.pl\/en\/projects\/special-projects\/\"]}]},{\"@type\":\"BreadcrumbList\",\"@id\":\"https:\/\/lorien.pl\/en\/projects\/special-projects\/#breadcrumb\",\"itemListElement\":[{\"@type\":\"ListItem\",\"position\":1,\"name\":\"Lorien\",\"item\":\"http:\/\/lorien.pl\/en\/\"},{\"@type\":\"ListItem\",\"position\":2,\"name\":\"Projects\",\"item\":\"https:\/\/lorien.pl\/en\/projects\/\"},{\"@type\":\"ListItem\",\"position\":3,\"name\":\"Special Project\"}]}]}<\/script>\n<!-- \/ Yoast SEO plugin. -->","yoast_head_json":{"title":"Special Project - Lorien Group","robots":{"index":"index","follow":"follow","max-snippet":"max-snippet:-1","max-image-preview":"max-image-preview:large","max-video-preview":"max-video-preview:-1"},"canonical":"https:\/\/lorien.pl\/en\/projects\/special-projects\/","og_locale":"en_US","og_type":"article","og_title":"Special Project - Lorien Group","og_description":"[vc_row][vc_column][vc_masonry_grid post_type=&#8221;post&#8221; max_items=&#8221;&#8221; style=&#8221;load-more&#8221; items_per_page=&#8221;6&#8243; gap=&#8221;10&#8243; btn_title=&#8221;load more&#8221; btn_shape=&#8221;square&#8221; btn_color=&#8221;grey&#8221; grid_id=&#8221;vc_gid:1605348324077-d0720918-8a8c-8&#8243; taxonomies=&#8221;12&#8243;][\/vc_column][\/vc_row]","og_url":"https:\/\/lorien.pl\/en\/projects\/special-projects\/","og_site_name":"Lorien Group","article_modified_time":"2020-11-19T08:39:56+00:00","twitter_card":"summary_large_image","schema":{"@context":"https:\/\/schema.org","@graph":[{"@type":"Organization","@id":"http:\/\/lorien.pl\/#organization","name":"Lorien","url":"http:\/\/lorien.pl\/","sameAs":[],"logo":{"@type":"ImageObject","@id":"http:\/\/lorien.pl\/#logo","inLanguage":"en-US","url":"https:\/\/lorien.pl\/wp-content\/uploads\/2020\/08\/logo_lorien_wp.png","contentUrl":"https:\/\/lorien.pl\/wp-content\/uploads\/2020\/08\/logo_lorien_wp.png","width":342,"height":169,"caption":"Lorien"},"image":{"@id":"http:\/\/lorien.pl\/#logo"}},{"@type":"WebSite","@id":"http:\/\/lorien.pl\/#website","url":"http:\/\/lorien.pl\/","name":"Lorien Group","description":"Dostarczamy rozwi\u0105zania w zakresie przygotowywania i dystrybucji posi\u0142k\u00f3w, projektowania i wyposa\u017cenia obiekt\u00f3w gastronomii. Kompleksowo zajmujemy si\u0119 zar\u00f3wno wyposa\u017ceniem nowopowstaj\u0105cych obiekt\u00f3w, jak r\u00f3wnie\u017c inwentaryzacj\u0105 istniej\u0105cych ju\u017c budynk\u00f3w pod k\u0105tem gastronomii.","publisher":{"@id":"http:\/\/lorien.pl\/#organization"},"potentialAction":[{"@type":"SearchAction","target":{"@type":"EntryPoint","urlTemplate":"http:\/\/lorien.pl\/?s={search_term_string}"},"query-input":"required name=search_term_string"}],"inLanguage":"en-US"},{"@type":"WebPage","@id":"https:\/\/lorien.pl\/en\/projects\/special-projects\/#webpage","url":"https:\/\/lorien.pl\/en\/projects\/special-projects\/","name":"Special Project - Lorien Group","isPartOf":{"@id":"http:\/\/lorien.pl\/#website"},"datePublished":"2020-10-06T13:07:31+00:00","dateModified":"2020-11-19T08:39:56+00:00","breadcrumb":{"@id":"https:\/\/lorien.pl\/en\/projects\/special-projects\/#breadcrumb"},"inLanguage":"en-US","potentialAction":[{"@type":"ReadAction","target":["https:\/\/lorien.pl\/en\/projects\/special-projects\/"]}]},{"@type":"BreadcrumbList","@id":"https:\/\/lorien.pl\/en\/projects\/special-projects\/#breadcrumb","itemListElement":[{"@type":"ListItem","position":1,"name":"Lorien","item":"http:\/\/lorien.pl\/en\/"},{"@type":"ListItem","position":2,"name":"Projects","item":"https:\/\/lorien.pl\/en\/projects\/"},{"@type":"ListItem","position":3,"name":"Special Project"}]}]}},"_links":{"self":[{"href":"http:\/\/lorien.pl\/en\/wp-json\/wp\/v2\/pages\/3337\/"}],"collection":[{"href":"http:\/\/lorien.pl\/en\/wp-json\/wp\/v2\/pages\/"}],"about":[{"href":"http:\/\/lorien.pl\/en\/wp-json\/wp\/v2\/types\/page\/"}],"author":[{"embeddable":true,"href":"http:\/\/lorien.pl\/en\/wp-json\/wp\/v2\/users\/1\/"}],"replies":[{"embeddable":true,"href":"http:\/\/lorien.pl\/en\/wp-json\/wp\/v2\/comments\/?post=3337"}],"version-history":[{"count":7,"href":"http:\/\/lorien.pl\/en\/wp-json\/wp\/v2\/pages\/3337\/revisions\/"}],"predecessor-version":[{"id":3338,"href":"http:\/\/lorien.pl\/en\/wp-json\/wp\/v2\/pages\/3337\/revisions\/3338\/"}],"up":[{"embeddable":true,"href":"http:\/\/lorien.pl\/en\/wp-json\/wp\/v2\/pages\/3652\/"}],"wp:attachment":[{"href":"http:\/\/lorien.pl\/en\/wp-json\/wp\/v2\/media\/?parent=3337"}],"curies":[{"name":"wp","href":"https:\/\/api.w.org\/{rel}","templated":true}]}}