{"id":3652,"date":"2020-11-13T17:41:03","date_gmt":"2020-11-13T16:41:03","guid":{"rendered":"http:\/\/lorien.pl\/?page_id=3652"},"modified":"2020-11-19T12:04:55","modified_gmt":"2020-11-19T11:04:55","slug":"projects","status":"publish","type":"page","link":"http:\/\/lorien.pl\/en\/projects\/","title":{"rendered":"Projects"},"content":{"rendered":"<p>[vc_row][vc_column][vc_column_text]<\/p>\n<h2>Hotel<\/h2>\n<p>[\/vc_column_text][vc_masonry_grid post_type=&#8221;post&#8221; max_items=&#8221;6&#8243; gap=&#8221;10&#8243; grid_id=&#8221;vc_gid:1605783873785-76caf897-4165-9&#8243; taxonomies=&#8221;13&#8243;][vc_btn title=&#8221;read more&#8221; shape=&#8221;square&#8221; color=&#8221;default&#8221; align=&#8221;center&#8221; link=&#8221;url:http%3A%2F%2Florien.pl%2Fen%2Fprojects%2Fhotel%2F|title:Hotel||&#8221;][\/vc_column][\/vc_row][vc_row][vc_column][vc_column_text]<\/p>\n<h2>Restaurant<\/h2>\n<p>[\/vc_column_text][vc_masonry_grid post_type=&#8221;post&#8221; max_items=&#8221;6&#8243; gap=&#8221;10&#8243; grid_id=&#8221;vc_gid:1605783873789-cebda50c-71c0-0&#8243; taxonomies=&#8221;15&#8243;][vc_btn title=&#8221;read more&#8221; shape=&#8221;square&#8221; color=&#8221;default&#8221; align=&#8221;center&#8221; link=&#8221;url:http%3A%2F%2Florien.pl%2Fen%2Fprojects%2Frestaurant%2F|title:Restauracja||&#8221;][\/vc_column][\/vc_row][vc_row][vc_column][vc_column_text]<\/p>\n<h2>Canteen<\/h2>\n<p>[\/vc_column_text][vc_masonry_grid post_type=&#8221;post&#8221; max_items=&#8221;6&#8243; gap=&#8221;10&#8243; grid_id=&#8221;vc_gid:1605783873791-ec143ee4-f19d-5&#8243; taxonomies=&#8221;14&#8243;][vc_btn title=&#8221;read more&#8221; shape=&#8221;square&#8221; color=&#8221;default&#8221; align=&#8221;center&#8221; link=&#8221;url:http%3A%2F%2Florien.pl%2Fen%2Fprojects%2Fcanteen%2F|title:Kantyna||&#8221;][\/vc_column][\/vc_row][vc_row][vc_column][vc_column_text]<\/p>\n<h2>Network Operators<\/h2>\n<p>[\/vc_column_text][vc_masonry_grid post_type=&#8221;post&#8221; max_items=&#8221;6&#8243; gap=&#8221;10&#8243; grid_id=&#8221;vc_gid:1605783873795-4d27b444-8e96-2&#8243; taxonomies=&#8221;16&#8243;][vc_btn title=&#8221;read more&#8221; shape=&#8221;square&#8221; color=&#8221;default&#8221; align=&#8221;center&#8221; link=&#8221;url:http%3A%2F%2Florien.pl%2Fen%2Fprojects%2Fnetwork-operators%2F|title:Sie%C4%87%20handlowa||&#8221;][\/vc_column][\/vc_row][vc_row][vc_column][vc_column_text]<\/p>\n<h2>Public utility facilities<\/h2>\n<p>[\/vc_column_text][vc_masonry_grid post_type=&#8221;post&#8221; max_items=&#8221;6&#8243; gap=&#8221;10&#8243; grid_id=&#8221;vc_gid:1605783873801-4bbf2130-82a6-4&#8243; taxonomies=&#8221;31&#8243;][vc_btn title=&#8221;read more&#8221; shape=&#8221;square&#8221; color=&#8221;default&#8221; align=&#8221;center&#8221; link=&#8221;url:http%3A%2F%2Florien.pl%2Fen%2Fprojects%2Fpublic-utility-facilities%2F|title:Projekt%20specjalny||&#8221;][\/vc_column][\/vc_row][vc_row][vc_column][vc_column_text]<\/p>\n<h2>Special Projects<\/h2>\n<p>[\/vc_column_text][vc_masonry_grid post_type=&#8221;post&#8221; max_items=&#8221;6&#8243; gap=&#8221;10&#8243; grid_id=&#8221;vc_gid:1605783873799-6bff0766-f26c-9&#8243; taxonomies=&#8221;12&#8243;][vc_btn title=&#8221;read more&#8221; shape=&#8221;square&#8221; color=&#8221;default&#8221; align=&#8221;center&#8221; link=&#8221;url:http%3A%2F%2Florien.pl%2Fen%2Fprojects%2Fspecial-projects%2F|title:Projekt%20specjalny||&#8221;][\/vc_column][\/vc_row]<\/p>\n","protected":false},"excerpt":{"rendered":"<p>[vc_row][vc_column][vc_column_text] Hotel [\/vc_column_text][vc_masonry_grid post_type=&#8221;post&#8221; max_items=&#8221;6&#8243; gap=&#8221;10&#8243; grid_id=&#8221;vc_gid:1605783873785-76caf897-4165-9&#8243; taxonomies=&#8221;13&#8243;][vc_btn title=&#8221;read more&#8221; shape=&#8221;square&#8221; color=&#8221;default&#8221; align=&#8221;center&#8221; link=&#8221;url:http%3A%2F%2Florien.pl%2Fen%2Fprojects%2Fhotel%2F|title:Hotel||&#8221;][\/vc_column][\/vc_row][vc_row][vc_column][vc_column_text] Restaurant [\/vc_column_text][vc_masonry_grid post_type=&#8221;post&#8221; max_items=&#8221;6&#8243; gap=&#8221;10&#8243; grid_id=&#8221;vc_gid:1605783873789-cebda50c-71c0-0&#8243; taxonomies=&#8221;15&#8243;][vc_btn title=&#8221;read more&#8221; shape=&#8221;square&#8221; color=&#8221;default&#8221; align=&#8221;center&#8221;<span class=\"excerpt-hellip\"> [\u2026]<\/span><\/p>\n","protected":false},"author":1,"featured_media":0,"parent":0,"menu_order":0,"comment_status":"closed","ping_status":"closed","template":"","meta":[],"yoast_head":"<!-- This site is optimized with the Yoast SEO plugin v16.8 - https:\/\/yoast.com\/wordpress\/plugins\/seo\/ -->\n<title>Projects - Lorien Group<\/title>\n<meta name=\"robots\" content=\"index, follow, max-snippet:-1, max-image-preview:large, max-video-preview:-1\" \/>\n<link rel=\"canonical\" href=\"https:\/\/lorien.pl\/en\/projects\/\" \/>\n<meta property=\"og:locale\" content=\"en_US\" \/>\n<meta property=\"og:type\" content=\"article\" \/>\n<meta property=\"og:title\" content=\"Projects - Lorien Group\" \/>\n<meta property=\"og:description\" content=\"[vc_row][vc_column][vc_column_text] Hotel [\/vc_column_text][vc_masonry_grid post_type=&#8221;post&#8221; max_items=&#8221;6&#8243; gap=&#8221;10&#8243; grid_id=&#8221;vc_gid:1605783873785-76caf897-4165-9&#8243; taxonomies=&#8221;13&#8243;][vc_btn title=&#8221;read more&#8221; shape=&#8221;square&#8221; color=&#8221;default&#8221; align=&#8221;center&#8221; link=&#8221;url:http%3A%2F%2Florien.pl%2Fen%2Fprojects%2Fhotel%2F|title:Hotel||&#8221;][\/vc_column][\/vc_row][vc_row][vc_column][vc_column_text] Restaurant [\/vc_column_text][vc_masonry_grid post_type=&#8221;post&#8221; max_items=&#8221;6&#8243; gap=&#8221;10&#8243; grid_id=&#8221;vc_gid:1605783873789-cebda50c-71c0-0&#8243; taxonomies=&#8221;15&#8243;][vc_btn title=&#8221;read more&#8221; shape=&#8221;square&#8221; color=&#8221;default&#8221; align=&#8221;center&#8221; [\u2026]\" \/>\n<meta property=\"og:url\" content=\"https:\/\/lorien.pl\/en\/projects\/\" \/>\n<meta property=\"og:site_name\" content=\"Lorien Group\" \/>\n<meta property=\"article:modified_time\" content=\"2020-11-19T11:04:55+00:00\" \/>\n<meta name=\"twitter:card\" content=\"summary_large_image\" \/>\n<meta name=\"twitter:label1\" content=\"Est. reading time\" \/>\n\t<meta name=\"twitter:data1\" content=\"2 minutes\" \/>\n<script type=\"application\/ld+json\" class=\"yoast-schema-graph\">{\"@context\":\"https:\/\/schema.org\",\"@graph\":[{\"@type\":\"Organization\",\"@id\":\"http:\/\/lorien.pl\/#organization\",\"name\":\"Lorien\",\"url\":\"http:\/\/lorien.pl\/\",\"sameAs\":[],\"logo\":{\"@type\":\"ImageObject\",\"@id\":\"http:\/\/lorien.pl\/#logo\",\"inLanguage\":\"en-US\",\"url\":\"https:\/\/lorien.pl\/wp-content\/uploads\/2020\/08\/logo_lorien_wp.png\",\"contentUrl\":\"https:\/\/lorien.pl\/wp-content\/uploads\/2020\/08\/logo_lorien_wp.png\",\"width\":342,\"height\":169,\"caption\":\"Lorien\"},\"image\":{\"@id\":\"http:\/\/lorien.pl\/#logo\"}},{\"@type\":\"WebSite\",\"@id\":\"http:\/\/lorien.pl\/#website\",\"url\":\"http:\/\/lorien.pl\/\",\"name\":\"Lorien Group\",\"description\":\"Dostarczamy rozwi\\u0105zania w zakresie przygotowywania i dystrybucji posi\\u0142k\\u00f3w, projektowania i wyposa\\u017cenia obiekt\\u00f3w gastronomii. Kompleksowo zajmujemy si\\u0119 zar\\u00f3wno wyposa\\u017ceniem nowopowstaj\\u0105cych obiekt\\u00f3w, jak r\\u00f3wnie\\u017c inwentaryzacj\\u0105 istniej\\u0105cych ju\\u017c budynk\\u00f3w pod k\\u0105tem gastronomii.\",\"publisher\":{\"@id\":\"http:\/\/lorien.pl\/#organization\"},\"potentialAction\":[{\"@type\":\"SearchAction\",\"target\":{\"@type\":\"EntryPoint\",\"urlTemplate\":\"http:\/\/lorien.pl\/?s={search_term_string}\"},\"query-input\":\"required name=search_term_string\"}],\"inLanguage\":\"en-US\"},{\"@type\":\"WebPage\",\"@id\":\"https:\/\/lorien.pl\/en\/projects\/#webpage\",\"url\":\"https:\/\/lorien.pl\/en\/projects\/\",\"name\":\"Projects - Lorien Group\",\"isPartOf\":{\"@id\":\"http:\/\/lorien.pl\/#website\"},\"datePublished\":\"2020-11-13T16:41:03+00:00\",\"dateModified\":\"2020-11-19T11:04:55+00:00\",\"breadcrumb\":{\"@id\":\"https:\/\/lorien.pl\/en\/projects\/#breadcrumb\"},\"inLanguage\":\"en-US\",\"potentialAction\":[{\"@type\":\"ReadAction\",\"target\":[\"https:\/\/lorien.pl\/en\/projects\/\"]}]},{\"@type\":\"BreadcrumbList\",\"@id\":\"https:\/\/lorien.pl\/en\/projects\/#breadcrumb\",\"itemListElement\":[{\"@type\":\"ListItem\",\"position\":1,\"name\":\"Lorien\",\"item\":\"http:\/\/lorien.pl\/en\/\"},{\"@type\":\"ListItem\",\"position\":2,\"name\":\"Projects\"}]}]}<\/script>\n<!-- \/ Yoast SEO plugin. -->","yoast_head_json":{"title":"Projects - Lorien Group","robots":{"index":"index","follow":"follow","max-snippet":"max-snippet:-1","max-image-preview":"max-image-preview:large","max-video-preview":"max-video-preview:-1"},"canonical":"https:\/\/lorien.pl\/en\/projects\/","og_locale":"en_US","og_type":"article","og_title":"Projects - Lorien Group","og_description":"[vc_row][vc_column][vc_column_text] Hotel [\/vc_column_text][vc_masonry_grid post_type=&#8221;post&#8221; max_items=&#8221;6&#8243; gap=&#8221;10&#8243; grid_id=&#8221;vc_gid:1605783873785-76caf897-4165-9&#8243; taxonomies=&#8221;13&#8243;][vc_btn title=&#8221;read more&#8221; shape=&#8221;square&#8221; color=&#8221;default&#8221; align=&#8221;center&#8221; link=&#8221;url:http%3A%2F%2Florien.pl%2Fen%2Fprojects%2Fhotel%2F|title:Hotel||&#8221;][\/vc_column][\/vc_row][vc_row][vc_column][vc_column_text] Restaurant [\/vc_column_text][vc_masonry_grid post_type=&#8221;post&#8221; max_items=&#8221;6&#8243; gap=&#8221;10&#8243; grid_id=&#8221;vc_gid:1605783873789-cebda50c-71c0-0&#8243; taxonomies=&#8221;15&#8243;][vc_btn title=&#8221;read more&#8221; shape=&#8221;square&#8221; color=&#8221;default&#8221; align=&#8221;center&#8221; [\u2026]","og_url":"https:\/\/lorien.pl\/en\/projects\/","og_site_name":"Lorien Group","article_modified_time":"2020-11-19T11:04:55+00:00","twitter_card":"summary_large_image","twitter_misc":{"Est. reading time":"2 minutes"},"schema":{"@context":"https:\/\/schema.org","@graph":[{"@type":"Organization","@id":"http:\/\/lorien.pl\/#organization","name":"Lorien","url":"http:\/\/lorien.pl\/","sameAs":[],"logo":{"@type":"ImageObject","@id":"http:\/\/lorien.pl\/#logo","inLanguage":"en-US","url":"https:\/\/lorien.pl\/wp-content\/uploads\/2020\/08\/logo_lorien_wp.png","contentUrl":"https:\/\/lorien.pl\/wp-content\/uploads\/2020\/08\/logo_lorien_wp.png","width":342,"height":169,"caption":"Lorien"},"image":{"@id":"http:\/\/lorien.pl\/#logo"}},{"@type":"WebSite","@id":"http:\/\/lorien.pl\/#website","url":"http:\/\/lorien.pl\/","name":"Lorien Group","description":"Dostarczamy rozwi\u0105zania w zakresie przygotowywania i dystrybucji posi\u0142k\u00f3w, projektowania i wyposa\u017cenia obiekt\u00f3w gastronomii. Kompleksowo zajmujemy si\u0119 zar\u00f3wno wyposa\u017ceniem nowopowstaj\u0105cych obiekt\u00f3w, jak r\u00f3wnie\u017c inwentaryzacj\u0105 istniej\u0105cych ju\u017c budynk\u00f3w pod k\u0105tem gastronomii.","publisher":{"@id":"http:\/\/lorien.pl\/#organization"},"potentialAction":[{"@type":"SearchAction","target":{"@type":"EntryPoint","urlTemplate":"http:\/\/lorien.pl\/?s={search_term_string}"},"query-input":"required name=search_term_string"}],"inLanguage":"en-US"},{"@type":"WebPage","@id":"https:\/\/lorien.pl\/en\/projects\/#webpage","url":"https:\/\/lorien.pl\/en\/projects\/","name":"Projects - Lorien Group","isPartOf":{"@id":"http:\/\/lorien.pl\/#website"},"datePublished":"2020-11-13T16:41:03+00:00","dateModified":"2020-11-19T11:04:55+00:00","breadcrumb":{"@id":"https:\/\/lorien.pl\/en\/projects\/#breadcrumb"},"inLanguage":"en-US","potentialAction":[{"@type":"ReadAction","target":["https:\/\/lorien.pl\/en\/projects\/"]}]},{"@type":"BreadcrumbList","@id":"https:\/\/lorien.pl\/en\/projects\/#breadcrumb","itemListElement":[{"@type":"ListItem","position":1,"name":"Lorien","item":"http:\/\/lorien.pl\/en\/"},{"@type":"ListItem","position":2,"name":"Projects"}]}]}},"_links":{"self":[{"href":"http:\/\/lorien.pl\/en\/wp-json\/wp\/v2\/pages\/3652\/"}],"collection":[{"href":"http:\/\/lorien.pl\/en\/wp-json\/wp\/v2\/pages\/"}],"about":[{"href":"http:\/\/lorien.pl\/en\/wp-json\/wp\/v2\/types\/page\/"}],"author":[{"embeddable":true,"href":"http:\/\/lorien.pl\/en\/wp-json\/wp\/v2\/users\/1\/"}],"replies":[{"embeddable":true,"href":"http:\/\/lorien.pl\/en\/wp-json\/wp\/v2\/comments\/?post=3652"}],"version-history":[{"count":9,"href":"http:\/\/lorien.pl\/en\/wp-json\/wp\/v2\/pages\/3652\/revisions\/"}],"predecessor-version":[{"id":3936,"href":"http:\/\/lorien.pl\/en\/wp-json\/wp\/v2\/pages\/3652\/revisions\/3936\/"}],"wp:attachment":[{"href":"http:\/\/lorien.pl\/en\/wp-json\/wp\/v2\/media\/?parent=3652"}],"curies":[{"name":"wp","href":"https:\/\/api.w.org\/{rel}","templated":true}]}}