{"id":3279,"date":"2020-09-22T14:00:19","date_gmt":"2020-09-22T12:00:19","guid":{"rendered":"http:\/\/t2.lorien.pl\/areas-of-activity\/projektowanie\/"},"modified":"2020-12-21T15:46:20","modified_gmt":"2020-12-21T14:46:20","slug":"design","status":"publish","type":"page","link":"https:\/\/lorien.pl\/en\/areas-of-activity\/design\/","title":{"rendered":"Design"},"content":{"rendered":"","protected":false},"excerpt":{"rendered":"<p>We have a vast experience that we gained when doing projects at different sizes \u2013 from small kitchens to huge kitchen facilities in 5-star hotels. Our designers are also practitioners, who have the experience of working in a restaurant kitchen or in a bar. <\/p>\n","protected":false},"author":1,"featured_media":4147,"parent":3188,"menu_order":0,"comment_status":"closed","ping_status":"closed","template":"","meta":[],"yoast_head":"<!-- This site is optimized with the Yoast SEO plugin v16.8 - https:\/\/yoast.com\/wordpress\/plugins\/seo\/ -->\n<title>Design - Lorien Group<\/title>\n<meta name=\"robots\" content=\"index, follow, max-snippet:-1, max-image-preview:large, max-video-preview:-1\" \/>\n<link rel=\"canonical\" href=\"https:\/\/lorien.pl\/en\/areas-of-activity\/design\/\" \/>\n<meta property=\"og:locale\" content=\"en_US\" \/>\n<meta property=\"og:type\" content=\"article\" \/>\n<meta property=\"og:title\" content=\"Design - Lorien Group\" \/>\n<meta property=\"og:description\" content=\"We have a vast experience that we gained when doing projects at different sizes \u2013 from small kitchens to huge kitchen facilities in 5-star hotels. Our designers are also practitioners, who have the experience of working in a restaurant kitchen or in a bar.\" \/>\n<meta property=\"og:url\" content=\"https:\/\/lorien.pl\/en\/areas-of-activity\/design\/\" \/>\n<meta property=\"og:site_name\" content=\"Lorien Group\" \/>\n<meta property=\"article:modified_time\" content=\"2020-12-21T14:46:20+00:00\" \/>\n<meta property=\"og:image\" content=\"http:\/\/lorien.pl\/wp-content\/uploads\/2020\/09\/icon-design.png\" \/>\n\t<meta property=\"og:image:width\" content=\"180\" \/>\n\t<meta property=\"og:image:height\" content=\"180\" \/>\n<meta name=\"twitter:card\" content=\"summary_large_image\" \/>\n<script type=\"application\/ld+json\" class=\"yoast-schema-graph\">{\"@context\":\"https:\/\/schema.org\",\"@graph\":[{\"@type\":\"Organization\",\"@id\":\"http:\/\/lorien.pl\/#organization\",\"name\":\"Lorien\",\"url\":\"http:\/\/lorien.pl\/\",\"sameAs\":[],\"logo\":{\"@type\":\"ImageObject\",\"@id\":\"http:\/\/lorien.pl\/#logo\",\"inLanguage\":\"en-US\",\"url\":\"https:\/\/lorien.pl\/wp-content\/uploads\/2020\/08\/logo_lorien_wp.png\",\"contentUrl\":\"https:\/\/lorien.pl\/wp-content\/uploads\/2020\/08\/logo_lorien_wp.png\",\"width\":342,\"height\":169,\"caption\":\"Lorien\"},\"image\":{\"@id\":\"http:\/\/lorien.pl\/#logo\"}},{\"@type\":\"WebSite\",\"@id\":\"http:\/\/lorien.pl\/#website\",\"url\":\"http:\/\/lorien.pl\/\",\"name\":\"Lorien Group\",\"description\":\"Dostarczamy rozwi\\u0105zania w zakresie przygotowywania i dystrybucji posi\\u0142k\\u00f3w, projektowania i wyposa\\u017cenia obiekt\\u00f3w gastronomii. Kompleksowo zajmujemy si\\u0119 zar\\u00f3wno wyposa\\u017ceniem nowopowstaj\\u0105cych obiekt\\u00f3w, jak r\\u00f3wnie\\u017c inwentaryzacj\\u0105 istniej\\u0105cych ju\\u017c budynk\\u00f3w pod k\\u0105tem gastronomii.\",\"publisher\":{\"@id\":\"http:\/\/lorien.pl\/#organization\"},\"potentialAction\":[{\"@type\":\"SearchAction\",\"target\":{\"@type\":\"EntryPoint\",\"urlTemplate\":\"http:\/\/lorien.pl\/?s={search_term_string}\"},\"query-input\":\"required name=search_term_string\"}],\"inLanguage\":\"en-US\"},{\"@type\":\"ImageObject\",\"@id\":\"https:\/\/lorien.pl\/en\/areas-of-activity\/design\/#primaryimage\",\"inLanguage\":\"en-US\",\"url\":\"https:\/\/lorien.pl\/wp-content\/uploads\/2020\/12\/ikona_1.png\",\"contentUrl\":\"https:\/\/lorien.pl\/wp-content\/uploads\/2020\/12\/ikona_1.png\",\"width\":180,\"height\":180},{\"@type\":\"WebPage\",\"@id\":\"https:\/\/lorien.pl\/en\/areas-of-activity\/design\/#webpage\",\"url\":\"https:\/\/lorien.pl\/en\/areas-of-activity\/design\/\",\"name\":\"Design - Lorien Group\",\"isPartOf\":{\"@id\":\"http:\/\/lorien.pl\/#website\"},\"primaryImageOfPage\":{\"@id\":\"https:\/\/lorien.pl\/en\/areas-of-activity\/design\/#primaryimage\"},\"datePublished\":\"2020-09-22T12:00:19+00:00\",\"dateModified\":\"2020-12-21T14:46:20+00:00\",\"breadcrumb\":{\"@id\":\"https:\/\/lorien.pl\/en\/areas-of-activity\/design\/#breadcrumb\"},\"inLanguage\":\"en-US\",\"potentialAction\":[{\"@type\":\"ReadAction\",\"target\":[\"https:\/\/lorien.pl\/en\/areas-of-activity\/design\/\"]}]},{\"@type\":\"BreadcrumbList\",\"@id\":\"https:\/\/lorien.pl\/en\/areas-of-activity\/design\/#breadcrumb\",\"itemListElement\":[{\"@type\":\"ListItem\",\"position\":1,\"name\":\"Lorien\",\"item\":\"http:\/\/lorien.pl\/en\/\"},{\"@type\":\"ListItem\",\"position\":2,\"name\":\"Areas of activity\",\"item\":\"http:\/\/lorien.pl\/en\/areas-of-activity\/\"},{\"@type\":\"ListItem\",\"position\":3,\"name\":\"Design\"}]}]}<\/script>\n<!-- \/ Yoast SEO plugin. -->","yoast_head_json":{"title":"Design - Lorien Group","robots":{"index":"index","follow":"follow","max-snippet":"max-snippet:-1","max-image-preview":"max-image-preview:large","max-video-preview":"max-video-preview:-1"},"canonical":"https:\/\/lorien.pl\/en\/areas-of-activity\/design\/","og_locale":"en_US","og_type":"article","og_title":"Design - Lorien Group","og_description":"We have a vast experience that we gained when doing projects at different sizes \u2013 from small kitchens to huge kitchen facilities in 5-star hotels. Our designers are also practitioners, who have the experience of working in a restaurant kitchen or in a bar.","og_url":"https:\/\/lorien.pl\/en\/areas-of-activity\/design\/","og_site_name":"Lorien Group","article_modified_time":"2020-12-21T14:46:20+00:00","og_image":[{"width":180,"height":180,"url":"http:\/\/lorien.pl\/wp-content\/uploads\/2020\/09\/icon-design.png","path":"\/home\/lorien\/public_html\/wp-content\/uploads\/2020\/09\/icon-design.png","size":"full","id":2551,"alt":"","pixels":32400,"type":"image\/png"}],"twitter_card":"summary_large_image","schema":{"@context":"https:\/\/schema.org","@graph":[{"@type":"Organization","@id":"http:\/\/lorien.pl\/#organization","name":"Lorien","url":"http:\/\/lorien.pl\/","sameAs":[],"logo":{"@type":"ImageObject","@id":"http:\/\/lorien.pl\/#logo","inLanguage":"en-US","url":"https:\/\/lorien.pl\/wp-content\/uploads\/2020\/08\/logo_lorien_wp.png","contentUrl":"https:\/\/lorien.pl\/wp-content\/uploads\/2020\/08\/logo_lorien_wp.png","width":342,"height":169,"caption":"Lorien"},"image":{"@id":"http:\/\/lorien.pl\/#logo"}},{"@type":"WebSite","@id":"http:\/\/lorien.pl\/#website","url":"http:\/\/lorien.pl\/","name":"Lorien Group","description":"Dostarczamy rozwi\u0105zania w zakresie przygotowywania i dystrybucji posi\u0142k\u00f3w, projektowania i wyposa\u017cenia obiekt\u00f3w gastronomii. Kompleksowo zajmujemy si\u0119 zar\u00f3wno wyposa\u017ceniem nowopowstaj\u0105cych obiekt\u00f3w, jak r\u00f3wnie\u017c inwentaryzacj\u0105 istniej\u0105cych ju\u017c budynk\u00f3w pod k\u0105tem gastronomii.","publisher":{"@id":"http:\/\/lorien.pl\/#organization"},"potentialAction":[{"@type":"SearchAction","target":{"@type":"EntryPoint","urlTemplate":"http:\/\/lorien.pl\/?s={search_term_string}"},"query-input":"required name=search_term_string"}],"inLanguage":"en-US"},{"@type":"ImageObject","@id":"https:\/\/lorien.pl\/en\/areas-of-activity\/design\/#primaryimage","inLanguage":"en-US","url":"https:\/\/lorien.pl\/wp-content\/uploads\/2020\/12\/ikona_1.png","contentUrl":"https:\/\/lorien.pl\/wp-content\/uploads\/2020\/12\/ikona_1.png","width":180,"height":180},{"@type":"WebPage","@id":"https:\/\/lorien.pl\/en\/areas-of-activity\/design\/#webpage","url":"https:\/\/lorien.pl\/en\/areas-of-activity\/design\/","name":"Design - Lorien Group","isPartOf":{"@id":"http:\/\/lorien.pl\/#website"},"primaryImageOfPage":{"@id":"https:\/\/lorien.pl\/en\/areas-of-activity\/design\/#primaryimage"},"datePublished":"2020-09-22T12:00:19+00:00","dateModified":"2020-12-21T14:46:20+00:00","breadcrumb":{"@id":"https:\/\/lorien.pl\/en\/areas-of-activity\/design\/#breadcrumb"},"inLanguage":"en-US","potentialAction":[{"@type":"ReadAction","target":["https:\/\/lorien.pl\/en\/areas-of-activity\/design\/"]}]},{"@type":"BreadcrumbList","@id":"https:\/\/lorien.pl\/en\/areas-of-activity\/design\/#breadcrumb","itemListElement":[{"@type":"ListItem","position":1,"name":"Lorien","item":"http:\/\/lorien.pl\/en\/"},{"@type":"ListItem","position":2,"name":"Areas of activity","item":"http:\/\/lorien.pl\/en\/areas-of-activity\/"},{"@type":"ListItem","position":3,"name":"Design"}]}]}},"_links":{"self":[{"href":"https:\/\/lorien.pl\/en\/wp-json\/wp\/v2\/pages\/3279\/"}],"collection":[{"href":"https:\/\/lorien.pl\/en\/wp-json\/wp\/v2\/pages\/"}],"about":[{"href":"https:\/\/lorien.pl\/en\/wp-json\/wp\/v2\/types\/page\/"}],"author":[{"embeddable":true,"href":"https:\/\/lorien.pl\/en\/wp-json\/wp\/v2\/users\/1\/"}],"replies":[{"embeddable":true,"href":"https:\/\/lorien.pl\/en\/wp-json\/wp\/v2\/comments\/?post=3279"}],"version-history":[{"count":2,"href":"https:\/\/lorien.pl\/en\/wp-json\/wp\/v2\/pages\/3279\/revisions\/"}],"predecessor-version":[{"id":3282,"href":"https:\/\/lorien.pl\/en\/wp-json\/wp\/v2\/pages\/3279\/revisions\/3282\/"}],"up":[{"embeddable":true,"href":"https:\/\/lorien.pl\/en\/wp-json\/wp\/v2\/pages\/3188\/"}],"wp:featuredmedia":[{"embeddable":true,"href":"https:\/\/lorien.pl\/en\/wp-json\/wp\/v2\/media\/4147\/"}],"wp:attachment":[{"href":"https:\/\/lorien.pl\/en\/wp-json\/wp\/v2\/media\/?parent=3279"}],"curies":[{"name":"wp","href":"https:\/\/api.w.org\/{rel}","templated":true}]}}