{"id":3290,"date":"2020-09-30T19:46:54","date_gmt":"2020-09-30T17:46:54","guid":{"rendered":"http:\/\/t2.lorien.pl\/our-products\/ansul\/"},"modified":"2020-12-21T15:33:22","modified_gmt":"2020-12-21T14:33:22","slug":"ansul","status":"publish","type":"page","link":"https:\/\/lorien.pl\/en\/our-products\/ansul\/","title":{"rendered":"The Ansul system"},"content":{"rendered":"","protected":false},"excerpt":{"rendered":"<p>The ANSUL system was designed with a sole purpose of meeting fire protection needs of the foodservice equipment and the extract channels of the hood.<\/p>\n","protected":false},"author":1,"featured_media":4133,"parent":3181,"menu_order":0,"comment_status":"closed","ping_status":"closed","template":"","meta":[],"yoast_head":"<!-- This site is optimized with the Yoast SEO plugin v16.8 - https:\/\/yoast.com\/wordpress\/plugins\/seo\/ -->\n<title>The Ansul system - Lorien Group<\/title>\n<meta name=\"robots\" content=\"index, follow, max-snippet:-1, max-image-preview:large, max-video-preview:-1\" \/>\n<link rel=\"canonical\" href=\"https:\/\/lorien.pl\/en\/our-products\/ansul\/\" \/>\n<meta property=\"og:locale\" content=\"en_US\" \/>\n<meta property=\"og:type\" content=\"article\" \/>\n<meta property=\"og:title\" content=\"The Ansul system - Lorien Group\" \/>\n<meta property=\"og:description\" content=\"The ANSUL system was designed with a sole purpose of meeting fire protection needs of the foodservice equipment and the extract channels of the hood.\" \/>\n<meta property=\"og:url\" content=\"https:\/\/lorien.pl\/en\/our-products\/ansul\/\" \/>\n<meta property=\"og:site_name\" content=\"Lorien Group\" \/>\n<meta property=\"article:modified_time\" content=\"2020-12-21T14:33:22+00:00\" \/>\n<meta property=\"og:image\" content=\"http:\/\/lorien.pl\/wp-content\/uploads\/2020\/12\/2020-10-08-14_01_09-2009-Ansul-R-102-Piranha-FrontLine-Protection-English-F-2005011-4.pdf-.jpg\" \/>\n\t<meta property=\"og:image:width\" content=\"725\" \/>\n\t<meta property=\"og:image:height\" content=\"731\" \/>\n<meta name=\"twitter:card\" content=\"summary_large_image\" \/>\n<script type=\"application\/ld+json\" class=\"yoast-schema-graph\">{\"@context\":\"https:\/\/schema.org\",\"@graph\":[{\"@type\":\"Organization\",\"@id\":\"https:\/\/lorien.pl\/en\/#organization\",\"name\":\"Lorien\",\"url\":\"https:\/\/lorien.pl\/en\/\",\"sameAs\":[],\"logo\":{\"@type\":\"ImageObject\",\"@id\":\"https:\/\/lorien.pl\/en\/#logo\",\"inLanguage\":\"en-US\",\"url\":\"https:\/\/lorien.pl\/wp-content\/uploads\/2020\/08\/logo_lorien_wp.png\",\"contentUrl\":\"https:\/\/lorien.pl\/wp-content\/uploads\/2020\/08\/logo_lorien_wp.png\",\"width\":342,\"height\":169,\"caption\":\"Lorien\"},\"image\":{\"@id\":\"https:\/\/lorien.pl\/en\/#logo\"}},{\"@type\":\"WebSite\",\"@id\":\"https:\/\/lorien.pl\/en\/#website\",\"url\":\"https:\/\/lorien.pl\/en\/\",\"name\":\"Lorien Group\",\"description\":\"Dostarczamy rozwi\\u0105zania w zakresie przygotowywania i dystrybucji posi\\u0142k\\u00f3w, projektowania i wyposa\\u017cenia obiekt\\u00f3w gastronomii. Kompleksowo zajmujemy si\\u0119 zar\\u00f3wno wyposa\\u017ceniem nowopowstaj\\u0105cych obiekt\\u00f3w, jak r\\u00f3wnie\\u017c inwentaryzacj\\u0105 istniej\\u0105cych ju\\u017c budynk\\u00f3w pod k\\u0105tem gastronomii.\",\"publisher\":{\"@id\":\"https:\/\/lorien.pl\/en\/#organization\"},\"potentialAction\":[{\"@type\":\"SearchAction\",\"target\":{\"@type\":\"EntryPoint\",\"urlTemplate\":\"https:\/\/lorien.pl\/en\/?s={search_term_string}\"},\"query-input\":\"required name=search_term_string\"}],\"inLanguage\":\"en-US\"},{\"@type\":\"ImageObject\",\"@id\":\"https:\/\/lorien.pl\/en\/our-products\/ansul\/#primaryimage\",\"inLanguage\":\"en-US\",\"url\":\"https:\/\/lorien.pl\/wp-content\/uploads\/2020\/12\/2020-10-08-14_01_09-2009-Ansul-R-102-Piranha-FrontLine-Protection-English-F-2005011-4.pdf-.jpg\",\"contentUrl\":\"https:\/\/lorien.pl\/wp-content\/uploads\/2020\/12\/2020-10-08-14_01_09-2009-Ansul-R-102-Piranha-FrontLine-Protection-English-F-2005011-4.pdf-.jpg\",\"width\":725,\"height\":731,\"caption\":\"Sprz\\u0119t gastronomiczny - system ga\\u015bniczy Ansul\"},{\"@type\":\"WebPage\",\"@id\":\"https:\/\/lorien.pl\/en\/our-products\/ansul\/#webpage\",\"url\":\"https:\/\/lorien.pl\/en\/our-products\/ansul\/\",\"name\":\"The Ansul system - Lorien Group\",\"isPartOf\":{\"@id\":\"https:\/\/lorien.pl\/en\/#website\"},\"primaryImageOfPage\":{\"@id\":\"https:\/\/lorien.pl\/en\/our-products\/ansul\/#primaryimage\"},\"datePublished\":\"2020-09-30T17:46:54+00:00\",\"dateModified\":\"2020-12-21T14:33:22+00:00\",\"breadcrumb\":{\"@id\":\"https:\/\/lorien.pl\/en\/our-products\/ansul\/#breadcrumb\"},\"inLanguage\":\"en-US\",\"potentialAction\":[{\"@type\":\"ReadAction\",\"target\":[\"https:\/\/lorien.pl\/en\/our-products\/ansul\/\"]}]},{\"@type\":\"BreadcrumbList\",\"@id\":\"https:\/\/lorien.pl\/en\/our-products\/ansul\/#breadcrumb\",\"itemListElement\":[{\"@type\":\"ListItem\",\"position\":1,\"name\":\"Lorien\",\"item\":\"https:\/\/lorien.pl\/en\/\"},{\"@type\":\"ListItem\",\"position\":2,\"name\":\"Our Products\",\"item\":\"https:\/\/lorien.pl\/en\/our-products\/\"},{\"@type\":\"ListItem\",\"position\":3,\"name\":\"The Ansul system\"}]}]}<\/script>\n<!-- \/ Yoast SEO plugin. -->","yoast_head_json":{"title":"The Ansul system - Lorien Group","robots":{"index":"index","follow":"follow","max-snippet":"max-snippet:-1","max-image-preview":"max-image-preview:large","max-video-preview":"max-video-preview:-1"},"canonical":"https:\/\/lorien.pl\/en\/our-products\/ansul\/","og_locale":"en_US","og_type":"article","og_title":"The Ansul system - Lorien Group","og_description":"The ANSUL system was designed with a sole purpose of meeting fire protection needs of the foodservice equipment and the extract channels of the hood.","og_url":"https:\/\/lorien.pl\/en\/our-products\/ansul\/","og_site_name":"Lorien Group","article_modified_time":"2020-12-21T14:33:22+00:00","og_image":[{"width":725,"height":731,"url":"http:\/\/lorien.pl\/wp-content\/uploads\/2020\/12\/2020-10-08-14_01_09-2009-Ansul-R-102-Piranha-FrontLine-Protection-English-F-2005011-4.pdf-.jpg","path":"\/home\/lorien\/public_html\/wp-content\/uploads\/2020\/12\/2020-10-08-14_01_09-2009-Ansul-R-102-Piranha-FrontLine-Protection-English-F-2005011-4.pdf-.jpg","size":"full","id":4133,"alt":"Sprz\u0119t gastronomiczny - system ga\u015bniczy Ansul ","pixels":529975,"type":"image\/jpeg"}],"twitter_card":"summary_large_image","schema":{"@context":"https:\/\/schema.org","@graph":[{"@type":"Organization","@id":"https:\/\/lorien.pl\/en\/#organization","name":"Lorien","url":"https:\/\/lorien.pl\/en\/","sameAs":[],"logo":{"@type":"ImageObject","@id":"https:\/\/lorien.pl\/en\/#logo","inLanguage":"en-US","url":"https:\/\/lorien.pl\/wp-content\/uploads\/2020\/08\/logo_lorien_wp.png","contentUrl":"https:\/\/lorien.pl\/wp-content\/uploads\/2020\/08\/logo_lorien_wp.png","width":342,"height":169,"caption":"Lorien"},"image":{"@id":"https:\/\/lorien.pl\/en\/#logo"}},{"@type":"WebSite","@id":"https:\/\/lorien.pl\/en\/#website","url":"https:\/\/lorien.pl\/en\/","name":"Lorien Group","description":"Dostarczamy rozwi\u0105zania w zakresie przygotowywania i dystrybucji posi\u0142k\u00f3w, projektowania i wyposa\u017cenia obiekt\u00f3w gastronomii. Kompleksowo zajmujemy si\u0119 zar\u00f3wno wyposa\u017ceniem nowopowstaj\u0105cych obiekt\u00f3w, jak r\u00f3wnie\u017c inwentaryzacj\u0105 istniej\u0105cych ju\u017c budynk\u00f3w pod k\u0105tem gastronomii.","publisher":{"@id":"https:\/\/lorien.pl\/en\/#organization"},"potentialAction":[{"@type":"SearchAction","target":{"@type":"EntryPoint","urlTemplate":"https:\/\/lorien.pl\/en\/?s={search_term_string}"},"query-input":"required name=search_term_string"}],"inLanguage":"en-US"},{"@type":"ImageObject","@id":"https:\/\/lorien.pl\/en\/our-products\/ansul\/#primaryimage","inLanguage":"en-US","url":"https:\/\/lorien.pl\/wp-content\/uploads\/2020\/12\/2020-10-08-14_01_09-2009-Ansul-R-102-Piranha-FrontLine-Protection-English-F-2005011-4.pdf-.jpg","contentUrl":"https:\/\/lorien.pl\/wp-content\/uploads\/2020\/12\/2020-10-08-14_01_09-2009-Ansul-R-102-Piranha-FrontLine-Protection-English-F-2005011-4.pdf-.jpg","width":725,"height":731,"caption":"Sprz\u0119t gastronomiczny - system ga\u015bniczy Ansul"},{"@type":"WebPage","@id":"https:\/\/lorien.pl\/en\/our-products\/ansul\/#webpage","url":"https:\/\/lorien.pl\/en\/our-products\/ansul\/","name":"The Ansul system - Lorien Group","isPartOf":{"@id":"https:\/\/lorien.pl\/en\/#website"},"primaryImageOfPage":{"@id":"https:\/\/lorien.pl\/en\/our-products\/ansul\/#primaryimage"},"datePublished":"2020-09-30T17:46:54+00:00","dateModified":"2020-12-21T14:33:22+00:00","breadcrumb":{"@id":"https:\/\/lorien.pl\/en\/our-products\/ansul\/#breadcrumb"},"inLanguage":"en-US","potentialAction":[{"@type":"ReadAction","target":["https:\/\/lorien.pl\/en\/our-products\/ansul\/"]}]},{"@type":"BreadcrumbList","@id":"https:\/\/lorien.pl\/en\/our-products\/ansul\/#breadcrumb","itemListElement":[{"@type":"ListItem","position":1,"name":"Lorien","item":"https:\/\/lorien.pl\/en\/"},{"@type":"ListItem","position":2,"name":"Our Products","item":"https:\/\/lorien.pl\/en\/our-products\/"},{"@type":"ListItem","position":3,"name":"The Ansul system"}]}]}},"_links":{"self":[{"href":"https:\/\/lorien.pl\/en\/wp-json\/wp\/v2\/pages\/3290\/"}],"collection":[{"href":"https:\/\/lorien.pl\/en\/wp-json\/wp\/v2\/pages\/"}],"about":[{"href":"https:\/\/lorien.pl\/en\/wp-json\/wp\/v2\/types\/page\/"}],"author":[{"embeddable":true,"href":"https:\/\/lorien.pl\/en\/wp-json\/wp\/v2\/users\/1\/"}],"replies":[{"embeddable":true,"href":"https:\/\/lorien.pl\/en\/wp-json\/wp\/v2\/comments\/?post=3290"}],"version-history":[{"count":2,"href":"https:\/\/lorien.pl\/en\/wp-json\/wp\/v2\/pages\/3290\/revisions\/"}],"predecessor-version":[{"id":4144,"href":"https:\/\/lorien.pl\/en\/wp-json\/wp\/v2\/pages\/3290\/revisions\/4144\/"}],"up":[{"embeddable":true,"href":"https:\/\/lorien.pl\/en\/wp-json\/wp\/v2\/pages\/3181\/"}],"wp:featuredmedia":[{"embeddable":true,"href":"https:\/\/lorien.pl\/en\/wp-json\/wp\/v2\/media\/4133\/"}],"wp:attachment":[{"href":"https:\/\/lorien.pl\/en\/wp-json\/wp\/v2\/media\/?parent=3290"}],"curies":[{"name":"wp","href":"https:\/\/api.w.org\/{rel}","templated":true}]}}