{"id":3299,"date":"2020-09-30T19:28:25","date_gmt":"2020-09-30T17:28:25","guid":{"rendered":"http:\/\/t2.lorien.pl\/our-products\/bufety-i-linie-wydawcze\/"},"modified":"2020-11-18T22:44:57","modified_gmt":"2020-11-18T21:44:57","slug":"buffets-and-serving-lines","status":"publish","type":"page","link":"https:\/\/lorien.pl\/en\/our-products\/buffets-and-serving-lines\/","title":{"rendered":"Buffets and serving lines"},"content":{"rendered":"","protected":false},"excerpt":{"rendered":"<p>Buffets and serving lines are an excellent way of presenting dishes. They let us organize the space in an individual and aesthetic way, which in turn makes preparing and serving meals easier.<\/p>\n","protected":false},"author":1,"featured_media":3528,"parent":3181,"menu_order":0,"comment_status":"closed","ping_status":"closed","template":"","meta":[],"yoast_head":"<!-- This site is optimized with the Yoast SEO plugin v16.8 - https:\/\/yoast.com\/wordpress\/plugins\/seo\/ -->\n<title>Buffets and serving lines - Lorien Group<\/title>\n<meta name=\"robots\" content=\"index, follow, max-snippet:-1, max-image-preview:large, max-video-preview:-1\" \/>\n<link rel=\"canonical\" href=\"https:\/\/lorien.pl\/en\/our-products\/buffets-and-serving-lines\/\" \/>\n<meta property=\"og:locale\" content=\"en_US\" \/>\n<meta property=\"og:type\" content=\"article\" \/>\n<meta property=\"og:title\" content=\"Buffets and serving lines - Lorien Group\" \/>\n<meta property=\"og:description\" content=\"Buffets and serving lines are an excellent way of presenting dishes. They let us organize the space in an individual and aesthetic way, which in turn makes preparing and serving meals easier.\" \/>\n<meta property=\"og:url\" content=\"https:\/\/lorien.pl\/en\/our-products\/buffets-and-serving-lines\/\" \/>\n<meta property=\"og:site_name\" content=\"Lorien Group\" \/>\n<meta property=\"article:modified_time\" content=\"2020-11-18T21:44:57+00:00\" \/>\n<meta property=\"og:image\" content=\"http:\/\/lorien.pl\/wp-content\/uploads\/2020\/10\/Bufety_i_linie_wydawcze_.jpg\" \/>\n\t<meta property=\"og:image:width\" content=\"1024\" \/>\n\t<meta property=\"og:image:height\" content=\"800\" \/>\n<meta name=\"twitter:card\" content=\"summary_large_image\" \/>\n<script type=\"application\/ld+json\" class=\"yoast-schema-graph\">{\"@context\":\"https:\/\/schema.org\",\"@graph\":[{\"@type\":\"Organization\",\"@id\":\"https:\/\/lorien.pl\/#organization\",\"name\":\"Lorien\",\"url\":\"https:\/\/lorien.pl\/\",\"sameAs\":[],\"logo\":{\"@type\":\"ImageObject\",\"@id\":\"https:\/\/lorien.pl\/#logo\",\"inLanguage\":\"en-US\",\"url\":\"https:\/\/lorien.pl\/wp-content\/uploads\/2020\/08\/logo_lorien_wp.png\",\"contentUrl\":\"https:\/\/lorien.pl\/wp-content\/uploads\/2020\/08\/logo_lorien_wp.png\",\"width\":342,\"height\":169,\"caption\":\"Lorien\"},\"image\":{\"@id\":\"https:\/\/lorien.pl\/#logo\"}},{\"@type\":\"WebSite\",\"@id\":\"https:\/\/lorien.pl\/#website\",\"url\":\"https:\/\/lorien.pl\/\",\"name\":\"Lorien Group\",\"description\":\"Dostarczamy rozwi\\u0105zania w zakresie przygotowywania i dystrybucji posi\\u0142k\\u00f3w, projektowania i wyposa\\u017cenia obiekt\\u00f3w gastronomii. Kompleksowo zajmujemy si\\u0119 zar\\u00f3wno wyposa\\u017ceniem nowopowstaj\\u0105cych obiekt\\u00f3w, jak r\\u00f3wnie\\u017c inwentaryzacj\\u0105 istniej\\u0105cych ju\\u017c budynk\\u00f3w pod k\\u0105tem gastronomii.\",\"publisher\":{\"@id\":\"https:\/\/lorien.pl\/#organization\"},\"potentialAction\":[{\"@type\":\"SearchAction\",\"target\":{\"@type\":\"EntryPoint\",\"urlTemplate\":\"https:\/\/lorien.pl\/?s={search_term_string}\"},\"query-input\":\"required name=search_term_string\"}],\"inLanguage\":\"en-US\"},{\"@type\":\"ImageObject\",\"@id\":\"https:\/\/lorien.pl\/en\/our-products\/buffets-and-serving-lines\/#primaryimage\",\"inLanguage\":\"en-US\",\"url\":\"https:\/\/lorien.pl\/wp-content\/uploads\/2020\/10\/Bufety_i_linie_wydawcze_.jpg\",\"contentUrl\":\"https:\/\/lorien.pl\/wp-content\/uploads\/2020\/10\/Bufety_i_linie_wydawcze_.jpg\",\"width\":1024,\"height\":800},{\"@type\":\"WebPage\",\"@id\":\"https:\/\/lorien.pl\/en\/our-products\/buffets-and-serving-lines\/#webpage\",\"url\":\"https:\/\/lorien.pl\/en\/our-products\/buffets-and-serving-lines\/\",\"name\":\"Buffets and serving lines - Lorien Group\",\"isPartOf\":{\"@id\":\"https:\/\/lorien.pl\/#website\"},\"primaryImageOfPage\":{\"@id\":\"https:\/\/lorien.pl\/en\/our-products\/buffets-and-serving-lines\/#primaryimage\"},\"datePublished\":\"2020-09-30T17:28:25+00:00\",\"dateModified\":\"2020-11-18T21:44:57+00:00\",\"breadcrumb\":{\"@id\":\"https:\/\/lorien.pl\/en\/our-products\/buffets-and-serving-lines\/#breadcrumb\"},\"inLanguage\":\"en-US\",\"potentialAction\":[{\"@type\":\"ReadAction\",\"target\":[\"https:\/\/lorien.pl\/en\/our-products\/buffets-and-serving-lines\/\"]}]},{\"@type\":\"BreadcrumbList\",\"@id\":\"https:\/\/lorien.pl\/en\/our-products\/buffets-and-serving-lines\/#breadcrumb\",\"itemListElement\":[{\"@type\":\"ListItem\",\"position\":1,\"name\":\"Lorien\",\"item\":\"https:\/\/lorien.pl\/en\/\"},{\"@type\":\"ListItem\",\"position\":2,\"name\":\"Our Products\",\"item\":\"https:\/\/lorien.pl\/en\/our-products\/\"},{\"@type\":\"ListItem\",\"position\":3,\"name\":\"Buffets and serving lines\"}]}]}<\/script>\n<!-- \/ Yoast SEO plugin. -->","yoast_head_json":{"title":"Buffets and serving lines - Lorien Group","robots":{"index":"index","follow":"follow","max-snippet":"max-snippet:-1","max-image-preview":"max-image-preview:large","max-video-preview":"max-video-preview:-1"},"canonical":"https:\/\/lorien.pl\/en\/our-products\/buffets-and-serving-lines\/","og_locale":"en_US","og_type":"article","og_title":"Buffets and serving lines - Lorien Group","og_description":"Buffets and serving lines are an excellent way of presenting dishes. They let us organize the space in an individual and aesthetic way, which in turn makes preparing and serving meals easier.","og_url":"https:\/\/lorien.pl\/en\/our-products\/buffets-and-serving-lines\/","og_site_name":"Lorien Group","article_modified_time":"2020-11-18T21:44:57+00:00","og_image":[{"width":1024,"height":800,"url":"http:\/\/lorien.pl\/wp-content\/uploads\/2020\/10\/Bufety_i_linie_wydawcze_.jpg","path":"\/home\/lorien\/public_html\/wp-content\/uploads\/2020\/10\/Bufety_i_linie_wydawcze_.jpg","size":"full","id":3528,"alt":"","pixels":819200,"type":"image\/jpeg"}],"twitter_card":"summary_large_image","schema":{"@context":"https:\/\/schema.org","@graph":[{"@type":"Organization","@id":"https:\/\/lorien.pl\/#organization","name":"Lorien","url":"https:\/\/lorien.pl\/","sameAs":[],"logo":{"@type":"ImageObject","@id":"https:\/\/lorien.pl\/#logo","inLanguage":"en-US","url":"https:\/\/lorien.pl\/wp-content\/uploads\/2020\/08\/logo_lorien_wp.png","contentUrl":"https:\/\/lorien.pl\/wp-content\/uploads\/2020\/08\/logo_lorien_wp.png","width":342,"height":169,"caption":"Lorien"},"image":{"@id":"https:\/\/lorien.pl\/#logo"}},{"@type":"WebSite","@id":"https:\/\/lorien.pl\/#website","url":"https:\/\/lorien.pl\/","name":"Lorien Group","description":"Dostarczamy rozwi\u0105zania w zakresie przygotowywania i dystrybucji posi\u0142k\u00f3w, projektowania i wyposa\u017cenia obiekt\u00f3w gastronomii. Kompleksowo zajmujemy si\u0119 zar\u00f3wno wyposa\u017ceniem nowopowstaj\u0105cych obiekt\u00f3w, jak r\u00f3wnie\u017c inwentaryzacj\u0105 istniej\u0105cych ju\u017c budynk\u00f3w pod k\u0105tem gastronomii.","publisher":{"@id":"https:\/\/lorien.pl\/#organization"},"potentialAction":[{"@type":"SearchAction","target":{"@type":"EntryPoint","urlTemplate":"https:\/\/lorien.pl\/?s={search_term_string}"},"query-input":"required name=search_term_string"}],"inLanguage":"en-US"},{"@type":"ImageObject","@id":"https:\/\/lorien.pl\/en\/our-products\/buffets-and-serving-lines\/#primaryimage","inLanguage":"en-US","url":"https:\/\/lorien.pl\/wp-content\/uploads\/2020\/10\/Bufety_i_linie_wydawcze_.jpg","contentUrl":"https:\/\/lorien.pl\/wp-content\/uploads\/2020\/10\/Bufety_i_linie_wydawcze_.jpg","width":1024,"height":800},{"@type":"WebPage","@id":"https:\/\/lorien.pl\/en\/our-products\/buffets-and-serving-lines\/#webpage","url":"https:\/\/lorien.pl\/en\/our-products\/buffets-and-serving-lines\/","name":"Buffets and serving lines - Lorien Group","isPartOf":{"@id":"https:\/\/lorien.pl\/#website"},"primaryImageOfPage":{"@id":"https:\/\/lorien.pl\/en\/our-products\/buffets-and-serving-lines\/#primaryimage"},"datePublished":"2020-09-30T17:28:25+00:00","dateModified":"2020-11-18T21:44:57+00:00","breadcrumb":{"@id":"https:\/\/lorien.pl\/en\/our-products\/buffets-and-serving-lines\/#breadcrumb"},"inLanguage":"en-US","potentialAction":[{"@type":"ReadAction","target":["https:\/\/lorien.pl\/en\/our-products\/buffets-and-serving-lines\/"]}]},{"@type":"BreadcrumbList","@id":"https:\/\/lorien.pl\/en\/our-products\/buffets-and-serving-lines\/#breadcrumb","itemListElement":[{"@type":"ListItem","position":1,"name":"Lorien","item":"https:\/\/lorien.pl\/en\/"},{"@type":"ListItem","position":2,"name":"Our Products","item":"https:\/\/lorien.pl\/en\/our-products\/"},{"@type":"ListItem","position":3,"name":"Buffets and serving lines"}]}]}},"_links":{"self":[{"href":"https:\/\/lorien.pl\/en\/wp-json\/wp\/v2\/pages\/3299\/"}],"collection":[{"href":"https:\/\/lorien.pl\/en\/wp-json\/wp\/v2\/pages\/"}],"about":[{"href":"https:\/\/lorien.pl\/en\/wp-json\/wp\/v2\/types\/page\/"}],"author":[{"embeddable":true,"href":"https:\/\/lorien.pl\/en\/wp-json\/wp\/v2\/users\/1\/"}],"replies":[{"embeddable":true,"href":"https:\/\/lorien.pl\/en\/wp-json\/wp\/v2\/comments\/?post=3299"}],"version-history":[{"count":1,"href":"https:\/\/lorien.pl\/en\/wp-json\/wp\/v2\/pages\/3299\/revisions\/"}],"predecessor-version":[{"id":3301,"href":"https:\/\/lorien.pl\/en\/wp-json\/wp\/v2\/pages\/3299\/revisions\/3301\/"}],"up":[{"embeddable":true,"href":"https:\/\/lorien.pl\/en\/wp-json\/wp\/v2\/pages\/3181\/"}],"wp:featuredmedia":[{"embeddable":true,"href":"https:\/\/lorien.pl\/en\/wp-json\/wp\/v2\/media\/3528\/"}],"wp:attachment":[{"href":"https:\/\/lorien.pl\/en\/wp-json\/wp\/v2\/media\/?parent=3299"}],"curies":[{"name":"wp","href":"https:\/\/api.w.org\/{rel}","templated":true}]}}