{"id":3313,"date":"2020-09-21T10:31:23","date_gmt":"2020-09-21T08:31:23","guid":{"rendered":"http:\/\/t2.lorien.pl\/our-products\/wyposazenie-kuchni\/"},"modified":"2020-12-21T15:42:54","modified_gmt":"2020-12-21T14:42:54","slug":"kitchen-equipment","status":"publish","type":"page","link":"https:\/\/lorien.pl\/en\/our-products\/kitchen-equipment\/","title":{"rendered":"Kitchen equipment"},"content":{"rendered":"","protected":false},"excerpt":{"rendered":"<p>Regardless if you are planning to equip a kitchen at a hotel, a restaurant or a canteen, what is important is its design, equipment and functionality.<\/p>\n","protected":false},"author":1,"featured_media":3535,"parent":3181,"menu_order":0,"comment_status":"closed","ping_status":"closed","template":"","meta":[],"yoast_head":"<!-- This site is optimized with the Yoast SEO plugin v16.8 - https:\/\/yoast.com\/wordpress\/plugins\/seo\/ -->\n<title>Kitchen equipment - Lorien Group<\/title>\n<meta name=\"robots\" content=\"index, follow, max-snippet:-1, max-image-preview:large, max-video-preview:-1\" \/>\n<link rel=\"canonical\" href=\"http:\/\/lorien.pl\/en\/our-products\/kitchen-equipment\/\" \/>\n<meta property=\"og:locale\" content=\"en_US\" \/>\n<meta property=\"og:type\" content=\"article\" \/>\n<meta property=\"og:title\" content=\"Kitchen equipment - Lorien Group\" \/>\n<meta property=\"og:description\" content=\"Regardless if you are planning to equip a kitchen at a hotel, a restaurant or a canteen, what is important is its design, equipment and functionality.\" \/>\n<meta property=\"og:url\" content=\"http:\/\/lorien.pl\/en\/our-products\/kitchen-equipment\/\" \/>\n<meta property=\"og:site_name\" content=\"Lorien Group\" \/>\n<meta property=\"article:modified_time\" content=\"2020-12-21T14:42:54+00:00\" \/>\n<meta property=\"og:image\" content=\"http:\/\/lorien.pl\/wp-content\/uploads\/2020\/10\/wyposazenie.jpg\" \/>\n\t<meta property=\"og:image:width\" content=\"1024\" \/>\n\t<meta property=\"og:image:height\" content=\"800\" \/>\n<meta name=\"twitter:card\" content=\"summary_large_image\" \/>\n<script type=\"application\/ld+json\" class=\"yoast-schema-graph\">{\"@context\":\"https:\/\/schema.org\",\"@graph\":[{\"@type\":\"Organization\",\"@id\":\"http:\/\/lorien.pl\/#organization\",\"name\":\"Lorien\",\"url\":\"http:\/\/lorien.pl\/\",\"sameAs\":[],\"logo\":{\"@type\":\"ImageObject\",\"@id\":\"http:\/\/lorien.pl\/#logo\",\"inLanguage\":\"en-US\",\"url\":\"https:\/\/lorien.pl\/wp-content\/uploads\/2020\/08\/logo_lorien_wp.png\",\"contentUrl\":\"https:\/\/lorien.pl\/wp-content\/uploads\/2020\/08\/logo_lorien_wp.png\",\"width\":342,\"height\":169,\"caption\":\"Lorien\"},\"image\":{\"@id\":\"http:\/\/lorien.pl\/#logo\"}},{\"@type\":\"WebSite\",\"@id\":\"http:\/\/lorien.pl\/#website\",\"url\":\"http:\/\/lorien.pl\/\",\"name\":\"Lorien Group\",\"description\":\"Dostarczamy rozwi\\u0105zania w zakresie przygotowywania i dystrybucji posi\\u0142k\\u00f3w, projektowania i wyposa\\u017cenia obiekt\\u00f3w gastronomii. Kompleksowo zajmujemy si\\u0119 zar\\u00f3wno wyposa\\u017ceniem nowopowstaj\\u0105cych obiekt\\u00f3w, jak r\\u00f3wnie\\u017c inwentaryzacj\\u0105 istniej\\u0105cych ju\\u017c budynk\\u00f3w pod k\\u0105tem gastronomii.\",\"publisher\":{\"@id\":\"http:\/\/lorien.pl\/#organization\"},\"potentialAction\":[{\"@type\":\"SearchAction\",\"target\":{\"@type\":\"EntryPoint\",\"urlTemplate\":\"http:\/\/lorien.pl\/?s={search_term_string}\"},\"query-input\":\"required name=search_term_string\"}],\"inLanguage\":\"en-US\"},{\"@type\":\"ImageObject\",\"@id\":\"http:\/\/lorien.pl\/en\/our-products\/kitchen-equipment\/#primaryimage\",\"inLanguage\":\"en-US\",\"url\":\"https:\/\/lorien.pl\/wp-content\/uploads\/2020\/10\/wyposazenie.jpg\",\"contentUrl\":\"https:\/\/lorien.pl\/wp-content\/uploads\/2020\/10\/wyposazenie.jpg\",\"width\":1024,\"height\":800},{\"@type\":\"WebPage\",\"@id\":\"http:\/\/lorien.pl\/en\/our-products\/kitchen-equipment\/#webpage\",\"url\":\"http:\/\/lorien.pl\/en\/our-products\/kitchen-equipment\/\",\"name\":\"Kitchen equipment - Lorien Group\",\"isPartOf\":{\"@id\":\"http:\/\/lorien.pl\/#website\"},\"primaryImageOfPage\":{\"@id\":\"http:\/\/lorien.pl\/en\/our-products\/kitchen-equipment\/#primaryimage\"},\"datePublished\":\"2020-09-21T08:31:23+00:00\",\"dateModified\":\"2020-12-21T14:42:54+00:00\",\"breadcrumb\":{\"@id\":\"http:\/\/lorien.pl\/en\/our-products\/kitchen-equipment\/#breadcrumb\"},\"inLanguage\":\"en-US\",\"potentialAction\":[{\"@type\":\"ReadAction\",\"target\":[\"http:\/\/lorien.pl\/en\/our-products\/kitchen-equipment\/\"]}]},{\"@type\":\"BreadcrumbList\",\"@id\":\"http:\/\/lorien.pl\/en\/our-products\/kitchen-equipment\/#breadcrumb\",\"itemListElement\":[{\"@type\":\"ListItem\",\"position\":1,\"name\":\"Lorien\",\"item\":\"http:\/\/lorien.pl\/en\/\"},{\"@type\":\"ListItem\",\"position\":2,\"name\":\"Our Products\",\"item\":\"https:\/\/lorien.pl\/en\/our-products\/\"},{\"@type\":\"ListItem\",\"position\":3,\"name\":\"Kitchen equipment\"}]}]}<\/script>\n<!-- \/ Yoast SEO plugin. -->","yoast_head_json":{"title":"Kitchen equipment - Lorien Group","robots":{"index":"index","follow":"follow","max-snippet":"max-snippet:-1","max-image-preview":"max-image-preview:large","max-video-preview":"max-video-preview:-1"},"canonical":"http:\/\/lorien.pl\/en\/our-products\/kitchen-equipment\/","og_locale":"en_US","og_type":"article","og_title":"Kitchen equipment - Lorien Group","og_description":"Regardless if you are planning to equip a kitchen at a hotel, a restaurant or a canteen, what is important is its design, equipment and functionality.","og_url":"http:\/\/lorien.pl\/en\/our-products\/kitchen-equipment\/","og_site_name":"Lorien Group","article_modified_time":"2020-12-21T14:42:54+00:00","og_image":[{"width":1024,"height":800,"url":"http:\/\/lorien.pl\/wp-content\/uploads\/2020\/10\/wyposazenie.jpg","path":"\/home\/lorien\/public_html\/wp-content\/uploads\/2020\/10\/wyposazenie.jpg","size":"full","id":3535,"alt":"","pixels":819200,"type":"image\/jpeg"}],"twitter_card":"summary_large_image","schema":{"@context":"https:\/\/schema.org","@graph":[{"@type":"Organization","@id":"http:\/\/lorien.pl\/#organization","name":"Lorien","url":"http:\/\/lorien.pl\/","sameAs":[],"logo":{"@type":"ImageObject","@id":"http:\/\/lorien.pl\/#logo","inLanguage":"en-US","url":"https:\/\/lorien.pl\/wp-content\/uploads\/2020\/08\/logo_lorien_wp.png","contentUrl":"https:\/\/lorien.pl\/wp-content\/uploads\/2020\/08\/logo_lorien_wp.png","width":342,"height":169,"caption":"Lorien"},"image":{"@id":"http:\/\/lorien.pl\/#logo"}},{"@type":"WebSite","@id":"http:\/\/lorien.pl\/#website","url":"http:\/\/lorien.pl\/","name":"Lorien Group","description":"Dostarczamy rozwi\u0105zania w zakresie przygotowywania i dystrybucji posi\u0142k\u00f3w, projektowania i wyposa\u017cenia obiekt\u00f3w gastronomii. Kompleksowo zajmujemy si\u0119 zar\u00f3wno wyposa\u017ceniem nowopowstaj\u0105cych obiekt\u00f3w, jak r\u00f3wnie\u017c inwentaryzacj\u0105 istniej\u0105cych ju\u017c budynk\u00f3w pod k\u0105tem gastronomii.","publisher":{"@id":"http:\/\/lorien.pl\/#organization"},"potentialAction":[{"@type":"SearchAction","target":{"@type":"EntryPoint","urlTemplate":"http:\/\/lorien.pl\/?s={search_term_string}"},"query-input":"required name=search_term_string"}],"inLanguage":"en-US"},{"@type":"ImageObject","@id":"http:\/\/lorien.pl\/en\/our-products\/kitchen-equipment\/#primaryimage","inLanguage":"en-US","url":"https:\/\/lorien.pl\/wp-content\/uploads\/2020\/10\/wyposazenie.jpg","contentUrl":"https:\/\/lorien.pl\/wp-content\/uploads\/2020\/10\/wyposazenie.jpg","width":1024,"height":800},{"@type":"WebPage","@id":"http:\/\/lorien.pl\/en\/our-products\/kitchen-equipment\/#webpage","url":"http:\/\/lorien.pl\/en\/our-products\/kitchen-equipment\/","name":"Kitchen equipment - Lorien Group","isPartOf":{"@id":"http:\/\/lorien.pl\/#website"},"primaryImageOfPage":{"@id":"http:\/\/lorien.pl\/en\/our-products\/kitchen-equipment\/#primaryimage"},"datePublished":"2020-09-21T08:31:23+00:00","dateModified":"2020-12-21T14:42:54+00:00","breadcrumb":{"@id":"http:\/\/lorien.pl\/en\/our-products\/kitchen-equipment\/#breadcrumb"},"inLanguage":"en-US","potentialAction":[{"@type":"ReadAction","target":["http:\/\/lorien.pl\/en\/our-products\/kitchen-equipment\/"]}]},{"@type":"BreadcrumbList","@id":"http:\/\/lorien.pl\/en\/our-products\/kitchen-equipment\/#breadcrumb","itemListElement":[{"@type":"ListItem","position":1,"name":"Lorien","item":"http:\/\/lorien.pl\/en\/"},{"@type":"ListItem","position":2,"name":"Our Products","item":"https:\/\/lorien.pl\/en\/our-products\/"},{"@type":"ListItem","position":3,"name":"Kitchen equipment"}]}]}},"_links":{"self":[{"href":"https:\/\/lorien.pl\/en\/wp-json\/wp\/v2\/pages\/3313\/"}],"collection":[{"href":"https:\/\/lorien.pl\/en\/wp-json\/wp\/v2\/pages\/"}],"about":[{"href":"https:\/\/lorien.pl\/en\/wp-json\/wp\/v2\/types\/page\/"}],"author":[{"embeddable":true,"href":"https:\/\/lorien.pl\/en\/wp-json\/wp\/v2\/users\/1\/"}],"replies":[{"embeddable":true,"href":"https:\/\/lorien.pl\/en\/wp-json\/wp\/v2\/comments\/?post=3313"}],"version-history":[{"count":1,"href":"https:\/\/lorien.pl\/en\/wp-json\/wp\/v2\/pages\/3313\/revisions\/"}],"predecessor-version":[{"id":3315,"href":"https:\/\/lorien.pl\/en\/wp-json\/wp\/v2\/pages\/3313\/revisions\/3315\/"}],"up":[{"embeddable":true,"href":"https:\/\/lorien.pl\/en\/wp-json\/wp\/v2\/pages\/3181\/"}],"wp:featuredmedia":[{"embeddable":true,"href":"https:\/\/lorien.pl\/en\/wp-json\/wp\/v2\/media\/3535\/"}],"wp:attachment":[{"href":"https:\/\/lorien.pl\/en\/wp-json\/wp\/v2\/media\/?parent=3313"}],"curies":[{"name":"wp","href":"https:\/\/api.w.org\/{rel}","templated":true}]}}